{"id":12265,"date":"2021-12-31T10:39:06","date_gmt":"2021-12-31T09:39:06","guid":{"rendered":"https:\/\/eiffageconstruccion.es\/legal-warning\/"},"modified":"2022-01-04T14:28:17","modified_gmt":"2022-01-04T13:28:17","slug":"legal-warning","status":"publish","type":"page","link":"https:\/\/eiffageconstruccion.es\/en\/legal-warning\/","title":{"rendered":"Legal Warning"},"content":{"rendered":"<div class=\"fusion-fullwidth fullwidth-box fusion-builder-row-1 fusion-flex-container nonhundred-percent-fullwidth non-hundred-percent-height-scrolling\" style=\"--awb-border-radius-top-left:0px;--awb-border-radius-top-right:0px;--awb-border-radius-bottom-right:0px;--awb-border-radius-bottom-left:0px;--awb-padding-right:5%;--awb-padding-bottom:5%;--awb-padding-left:5%;--awb-margin-top:0px;--awb-flex-wrap:wrap;\" ><div class=\"fusion-builder-row fusion-row fusion-flex-align-items-flex-start fusion-flex-content-wrap\" style=\"max-width:1248px;margin-left: calc(-4% \/ 2 );margin-right: calc(-4% \/ 2 );\"><div class=\"fusion-layout-column fusion_builder_column fusion-builder-column-0 fusion_builder_column_1_1 1_1 fusion-flex-column\" style=\"--awb-padding-top:0px;--awb-padding-right:0px;--awb-padding-bottom:60px;--awb-padding-left:0px;--awb-bg-size:cover;--awb-width-large:100%;--awb-margin-top-large:0px;--awb-spacing-right-large:1.92%;--awb-margin-bottom-large:0px;--awb-spacing-left-large:1.92%;--awb-width-medium:100%;--awb-order-medium:0;--awb-spacing-right-medium:1.92%;--awb-spacing-left-medium:1.92%;--awb-width-small:100%;--awb-order-small:0;--awb-spacing-right-small:1.92%;--awb-spacing-left-small:1.92%;\"><div class=\"fusion-column-wrapper fusion-column-has-shadow fusion-flex-justify-content-flex-start fusion-content-layout-column\"><div class=\"fusion-title title fusion-title-1 fusion-sep-none fusion-title-center fusion-title-text fusion-title-size-one\" style=\"--awb-text-color:#333333;--awb-margin-top:20px;--awb-margin-bottom:20px;--awb-font-size:60px;\"><h1 class=\"fusion-title-heading title-heading-center\" style=\"font-family:&quot;Raleway&quot;;font-style:normal;font-weight:800;margin:0;font-size:1em;line-height:1;\">Legal Warning<\/h1><\/div><\/div><\/div><div class=\"fusion-layout-column fusion_builder_column fusion-builder-column-1 fusion_builder_column_1_1 1_1 fusion-flex-column\" style=\"--awb-bg-size:cover;--awb-width-large:100%;--awb-margin-top-large:0px;--awb-spacing-right-large:1.92%;--awb-margin-bottom-large:0px;--awb-spacing-left-large:1.92%;--awb-width-medium:100%;--awb-spacing-right-medium:1.92%;--awb-spacing-left-medium:1.92%;--awb-width-small:100%;--awb-spacing-right-small:1.92%;--awb-spacing-left-small:1.92%;\"><div class=\"fusion-column-wrapper fusion-flex-justify-content-flex-start fusion-content-layout-column\"><div class=\"fusion-text fusion-text-1\" style=\"--awb-text-transform:none;\"><p><b>En cumplimiento del Art\u00edculo 10 de la Ley 34\/2002, de 11 de julio, de Servicios de la Sociedad de la Informaci\u00f3n y de Comercio Electr\u00f3nico, ponemos a disposici\u00f3n del usuario y autoridades competentes la siguiente informaci\u00f3n:<\/b><\/p>\n<\/div><div class=\"fusion-title title fusion-title-2 fusion-sep-none fusion-title-text fusion-title-size-three\" style=\"--awb-font-size:25px;\"><h3 class=\"fusion-title-heading title-heading-left\" style=\"font-family:&quot;Playfair Display&quot;;font-style:normal;font-weight:400;margin:0;font-size:1em;\"><strong>Editor de Sitios<\/strong><\/h3><\/div><div class=\"fusion-text fusion-text-2\" style=\"--awb-text-transform:none;\"><p><b>Raz\u00f3n Social:<\/b><br \/>\nEiffage Infraestructuras S.A. (Sociedad Unipersonal)<br \/>\nPol. Industrial Park Road: de la Isla E.L. 3 (Ctra. del Copero esq. C\/Rioviejo)<br \/>\n41703 Dos Hermanas (Sevilla)<\/p>\n<p><b>C\u00f3digo de Identificaci\u00f3n Fiscal:<\/b><br \/>\nA-41441122<\/p>\n<p>Inscrita en el Registro Mercantil de Sevilla. Tomo 4.569 de Sociedad, folio 173, hoja n\u00famero SE-1916.<br \/>\nInscrita con n\u00famero 01410000265 en el Regitro de Empresas Acreditadas (RAE) como Contratistas o Subcontratistas del Sector de la Construcci\u00f3n de la Comunidad Aut\u00f3noma de Andaluc\u00eda.<br \/>\nInscrita con el n\u00famero 2164 en el Registro de Licitadores de la Comunidad de Madrid.<br \/>\nInscrita con el n\u00famero 400001089 en el Registro de Licitadores de la Comunidad Aut\u00f3noma de Castilla-La Mancha.<br \/>\nInscrita con el n\u00famero 250000879 en el Registro de Licitadores del Ayuntamiento de Madrid.<\/p>\n<\/div><div class=\"fusion-title title fusion-title-3 fusion-sep-none fusion-title-text fusion-title-size-three\" style=\"--awb-font-size:25px;\"><h3 class=\"fusion-title-heading title-heading-left\" style=\"font-family:&quot;Playfair Display&quot;;font-style:normal;font-weight:400;margin:0;font-size:1em;\"><strong>Publicaci\u00f3n<\/strong><\/h3><\/div><div class=\"fusion-text fusion-text-3\" style=\"--awb-text-transform:none;\"><p>Director de publicaci\u00f3n: Emma Oliveras de Al\u00f3s<\/p>\n<\/div><div class=\"fusion-title title fusion-title-4 fusion-sep-none fusion-title-text fusion-title-size-three\" style=\"--awb-font-size:25px;\"><h3 class=\"fusion-title-heading title-heading-left\" style=\"font-family:&quot;Playfair Display&quot;;font-style:normal;font-weight:400;margin:0;font-size:1em;\"><strong>Alojamiento<\/strong><\/h3><\/div><div class=\"fusion-text fusion-text-4\" style=\"--awb-text-transform:none;\"><p>El sitio est\u00e1 alojado por:<\/p>\n<p><span lang=\"fr-FR\">Empresa: <\/span><span lang=\"fr-FR\"><b>Gandi International<\/b><\/span><\/p>\n<p><span lang=\"fr-FR\">7 rue des M\u00e9rovingiens<\/span><\/p>\n<p>L &#8211; 8070 Bertrange<\/p>\n<p>Luxembourg Francia<br \/>\nCorreo electr\u00f3nico: <u><a href=\"mailto:sistemas.eii.spain@eiffage.com\" target=\"mailto:sistemas.eii.spain@eiffage.com\" rel=\"noopener\">sistemas.eii.spain@eiffage.com<\/a><\/u><\/p>\n<\/div><\/div><\/div><\/div><\/div>\n","protected":false},"excerpt":{"rendered":"","protected":false},"author":2,"featured_media":0,"parent":0,"menu_order":0,"comment_status":"closed","ping_status":"closed","template":"","meta":{"_monsterinsights_skip_tracking":false,"_monsterinsights_sitenote_active":false,"_monsterinsights_sitenote_note":"","_monsterinsights_sitenote_category":0,"footnotes":""},"class_list":["post-12265","page","type-page","status-publish","hentry"],"yoast_head":"<!-- This site is optimized with the Yoast SEO plugin v27.3 - https:\/\/yoast.com\/product\/yoast-seo-wordpress\/ -->\n<title>Legal Warning - Eiffage Construcci\u00f3n<\/title>\n<meta name=\"robots\" content=\"index, follow, max-snippet:-1, max-image-preview:large, max-video-preview:-1\" \/>\n<link rel=\"canonical\" href=\"https:\/\/eiffageconstruccion.es\/en\/legal-warning\/\" \/>\n<meta property=\"og:locale\" content=\"en_US\" \/>\n<meta property=\"og:type\" content=\"article\" \/>\n<meta property=\"og:title\" content=\"Legal Warning - Eiffage Construcci\u00f3n\" \/>\n<meta property=\"og:url\" content=\"https:\/\/eiffageconstruccion.es\/en\/legal-warning\/\" \/>\n<meta property=\"og:site_name\" content=\"Eiffage Construcci\u00f3n\" \/>\n<meta property=\"article:modified_time\" content=\"2022-01-04T13:28:17+00:00\" \/>\n<meta name=\"twitter:card\" content=\"summary_large_image\" \/>\n<meta name=\"twitter:label1\" content=\"Est. reading time\" \/>\n\t<meta name=\"twitter:data1\" content=\"10 minutes\" \/>\n<script type=\"application\/ld+json\" class=\"yoast-schema-graph\">{\"@context\":\"https:\\\/\\\/schema.org\",\"@graph\":[{\"@type\":\"WebPage\",\"@id\":\"https:\\\/\\\/eiffageconstruccion.es\\\/en\\\/legal-warning\\\/\",\"url\":\"https:\\\/\\\/eiffageconstruccion.es\\\/en\\\/legal-warning\\\/\",\"name\":\"Legal Warning - Eiffage Construcci\u00f3n\",\"isPartOf\":{\"@id\":\"https:\\\/\\\/eiffageconstruccion.es\\\/#website\"},\"datePublished\":\"2021-12-31T09:39:06+00:00\",\"dateModified\":\"2022-01-04T13:28:17+00:00\",\"breadcrumb\":{\"@id\":\"https:\\\/\\\/eiffageconstruccion.es\\\/en\\\/legal-warning\\\/#breadcrumb\"},\"inLanguage\":\"en-US\",\"potentialAction\":[{\"@type\":\"ReadAction\",\"target\":[\"https:\\\/\\\/eiffageconstruccion.es\\\/en\\\/legal-warning\\\/\"]}]},{\"@type\":\"BreadcrumbList\",\"@id\":\"https:\\\/\\\/eiffageconstruccion.es\\\/en\\\/legal-warning\\\/#breadcrumb\",\"itemListElement\":[{\"@type\":\"ListItem\",\"position\":1,\"name\":\"Portada\",\"item\":\"https:\\\/\\\/eiffageconstruccion.es\\\/en\\\/\"},{\"@type\":\"ListItem\",\"position\":2,\"name\":\"Legal Warning\"}]},{\"@type\":\"WebSite\",\"@id\":\"https:\\\/\\\/eiffageconstruccion.es\\\/#website\",\"url\":\"https:\\\/\\\/eiffageconstruccion.es\\\/\",\"name\":\"Eiffage Construcci\u00f3n\",\"description\":\"Acci\u00f3n de futuro\",\"potentialAction\":[{\"@type\":\"SearchAction\",\"target\":{\"@type\":\"EntryPoint\",\"urlTemplate\":\"https:\\\/\\\/eiffageconstruccion.es\\\/?s={search_term_string}\"},\"query-input\":{\"@type\":\"PropertyValueSpecification\",\"valueRequired\":true,\"valueName\":\"search_term_string\"}}],\"inLanguage\":\"en-US\"}]}<\/script>\n<!-- \/ Yoast SEO plugin. -->","yoast_head_json":{"title":"Legal Warning - Eiffage Construcci\u00f3n","robots":{"index":"index","follow":"follow","max-snippet":"max-snippet:-1","max-image-preview":"max-image-preview:large","max-video-preview":"max-video-preview:-1"},"canonical":"https:\/\/eiffageconstruccion.es\/en\/legal-warning\/","og_locale":"en_US","og_type":"article","og_title":"Legal Warning - Eiffage Construcci\u00f3n","og_url":"https:\/\/eiffageconstruccion.es\/en\/legal-warning\/","og_site_name":"Eiffage Construcci\u00f3n","article_modified_time":"2022-01-04T13:28:17+00:00","twitter_card":"summary_large_image","twitter_misc":{"Est. reading time":"10 minutes"},"schema":{"@context":"https:\/\/schema.org","@graph":[{"@type":"WebPage","@id":"https:\/\/eiffageconstruccion.es\/en\/legal-warning\/","url":"https:\/\/eiffageconstruccion.es\/en\/legal-warning\/","name":"Legal Warning - Eiffage Construcci\u00f3n","isPartOf":{"@id":"https:\/\/eiffageconstruccion.es\/#website"},"datePublished":"2021-12-31T09:39:06+00:00","dateModified":"2022-01-04T13:28:17+00:00","breadcrumb":{"@id":"https:\/\/eiffageconstruccion.es\/en\/legal-warning\/#breadcrumb"},"inLanguage":"en-US","potentialAction":[{"@type":"ReadAction","target":["https:\/\/eiffageconstruccion.es\/en\/legal-warning\/"]}]},{"@type":"BreadcrumbList","@id":"https:\/\/eiffageconstruccion.es\/en\/legal-warning\/#breadcrumb","itemListElement":[{"@type":"ListItem","position":1,"name":"Portada","item":"https:\/\/eiffageconstruccion.es\/en\/"},{"@type":"ListItem","position":2,"name":"Legal Warning"}]},{"@type":"WebSite","@id":"https:\/\/eiffageconstruccion.es\/#website","url":"https:\/\/eiffageconstruccion.es\/","name":"Eiffage Construcci\u00f3n","description":"Acci\u00f3n de futuro","potentialAction":[{"@type":"SearchAction","target":{"@type":"EntryPoint","urlTemplate":"https:\/\/eiffageconstruccion.es\/?s={search_term_string}"},"query-input":{"@type":"PropertyValueSpecification","valueRequired":true,"valueName":"search_term_string"}}],"inLanguage":"en-US"}]}},"_links":{"self":[{"href":"https:\/\/eiffageconstruccion.es\/en\/wp-json\/wp\/v2\/pages\/12265","targetHints":{"allow":["GET"]}}],"collection":[{"href":"https:\/\/eiffageconstruccion.es\/en\/wp-json\/wp\/v2\/pages"}],"about":[{"href":"https:\/\/eiffageconstruccion.es\/en\/wp-json\/wp\/v2\/types\/page"}],"author":[{"embeddable":true,"href":"https:\/\/eiffageconstruccion.es\/en\/wp-json\/wp\/v2\/users\/2"}],"replies":[{"embeddable":true,"href":"https:\/\/eiffageconstruccion.es\/en\/wp-json\/wp\/v2\/comments?post=12265"}],"version-history":[{"count":8,"href":"https:\/\/eiffageconstruccion.es\/en\/wp-json\/wp\/v2\/pages\/12265\/revisions"}],"predecessor-version":[{"id":12951,"href":"https:\/\/eiffageconstruccion.es\/en\/wp-json\/wp\/v2\/pages\/12265\/revisions\/12951"}],"wp:attachment":[{"href":"https:\/\/eiffageconstruccion.es\/en\/wp-json\/wp\/v2\/media?parent=12265"}],"curies":[{"name":"wp","href":"https:\/\/api.w.org\/{rel}","templated":true}]}}