{"id":12273,"date":"2021-12-31T10:44:29","date_gmt":"2021-12-31T09:44:29","guid":{"rendered":"https:\/\/eiffageconstruccion.es\/cookies-policy\/"},"modified":"2022-03-23T10:46:54","modified_gmt":"2022-03-23T09:46:54","slug":"cookies-policy","status":"publish","type":"page","link":"https:\/\/eiffageconstruccion.es\/en\/cookies-policy\/","title":{"rendered":"Cookies Policy"},"content":{"rendered":"<p><div class=\"fusion-fullwidth fullwidth-box fusion-builder-row-1 fusion-flex-container nonhundred-percent-fullwidth non-hundred-percent-height-scrolling\" style=\"--awb-border-radius-top-left:0px;--awb-border-radius-top-right:0px;--awb-border-radius-bottom-right:0px;--awb-border-radius-bottom-left:0px;--awb-padding-right:5%;--awb-padding-bottom:5%;--awb-padding-left:5%;--awb-margin-top:0px;--awb-flex-wrap:wrap;\" ><div class=\"fusion-builder-row fusion-row fusion-flex-align-items-flex-start fusion-flex-content-wrap\" style=\"max-width:1248px;margin-left: calc(-4% \/ 2 );margin-right: calc(-4% \/ 2 );\"><div class=\"fusion-layout-column fusion_builder_column fusion-builder-column-0 fusion_builder_column_1_1 1_1 fusion-flex-column\" style=\"--awb-padding-top:0px;--awb-padding-right:0px;--awb-padding-bottom:60px;--awb-padding-left:0px;--awb-bg-size:cover;--awb-width-large:100%;--awb-margin-top-large:0px;--awb-spacing-right-large:1.92%;--awb-margin-bottom-large:0px;--awb-spacing-left-large:1.92%;--awb-width-medium:100%;--awb-order-medium:0;--awb-spacing-right-medium:1.92%;--awb-spacing-left-medium:1.92%;--awb-width-small:100%;--awb-order-small:0;--awb-spacing-right-small:1.92%;--awb-spacing-left-small:1.92%;\"><div class=\"fusion-column-wrapper fusion-column-has-shadow fusion-flex-justify-content-flex-start fusion-content-layout-column\"><div class=\"fusion-title title fusion-title-1 fusion-sep-none fusion-title-center fusion-title-text fusion-title-size-one\" style=\"--awb-text-color:#333333;--awb-margin-top:20px;--awb-margin-bottom:20px;--awb-font-size:60px;\"><h1 class=\"fusion-title-heading title-heading-center\" style=\"font-family:&quot;Raleway&quot;;font-style:normal;font-weight:800;margin:0;font-size:1em;line-height:1;\">Cookies Policy<\/h1><\/div><\/div><\/div><div class=\"fusion-layout-column fusion_builder_column fusion-builder-column-1 fusion_builder_column_1_1 1_1 fusion-flex-column\" style=\"--awb-bg-size:cover;--awb-width-large:100%;--awb-margin-top-large:0px;--awb-spacing-right-large:1.92%;--awb-margin-bottom-large:0px;--awb-spacing-left-large:1.92%;--awb-width-medium:100%;--awb-spacing-right-medium:1.92%;--awb-spacing-left-medium:1.92%;--awb-width-small:100%;--awb-spacing-right-small:1.92%;--awb-spacing-left-small:1.92%;\"><div class=\"fusion-column-wrapper fusion-flex-justify-content-flex-start fusion-content-layout-column\"><div class=\"fusion-text fusion-text-1\" style=\"--awb-text-transform:none;\"><p align=\"justify\">Una <i>cookie <\/i>es un peque\u00f1o fichero de texto que se almacena en su navegador cuando visita casi cualquier p\u00e1gina web. Su utilidad es que la web sea capaz de recordar su visita cuando vuelva a navegar por esa p\u00e1gina. Las <i>cookies <\/i>suelen almacenar informaci\u00f3n de car\u00e1cter t\u00e9cnico, preferencias personales, personalizaci\u00f3n de contenidos, estad\u00edsticas de uso, enlaces a redes sociales, acceso a cuentas de usuario, etc. El objetivo de la <i>cookie <\/i>es adaptar el contenido de la web a su perfil y necesidades, sin <i>cookies <\/i>los servicios ofrecidos por cualquier p\u00e1gina se ver\u00edan mermados notablemente. Si desea consultar m\u00e1s informaci\u00f3n sobre qu\u00e9 son las <i>cookies<\/i>, qu\u00e9 almacenan, c\u00f3mo eliminarlas, desactivarlas, etc., <span style=\"color: #0000ff;\"><u><a href=\"https:\/\/www.incibe.es\/protege-tu-empresa\/blog\/politica-cookies-web-empresas\" target=\"_blank\" rel=\"noopener\">le rogamos se dirija a este enlace.<\/a><\/u><\/span><\/p>\n<\/div><div class=\"fusion-title title fusion-title-2 fusion-sep-none fusion-title-text fusion-title-size-three\" style=\"--awb-font-size:25px;\"><h3 class=\"fusion-title-heading title-heading-left\" style=\"font-family:&quot;Playfair Display&quot;;font-style:normal;font-weight:400;margin:0;font-size:1em;\"><strong>Cookies utilizadas en este sitio web<\/strong><\/h3><\/div><div class=\"fusion-text fusion-text-2\" style=\"--awb-text-transform:none;\"><p align=\"justify\">Siguiendo las directrices de la Agencia Espa\u00f1ola de Protecci\u00f3n de Datos procedemos a detallar el uso de <i>cookies <\/i>que hace esta web con el fin de informarle con la m\u00e1xima exactitud posible.<\/p>\n<p align=\"justify\">Este sitio web utiliza las siguientes <b>cookies propias<\/b>:<\/p>\n<ul>\n<li>\n<p align=\"justify\">Cookies de sesi\u00f3n, para garantizar que los usuarios que escriban comentarios en el blog sean humanos y no aplicaciones automatizadas. De esta forma se combate el <i>spam<\/i>.<\/p>\n<\/li>\n<\/ul>\n<p align=\"justify\">Este sitio web utiliza las siguientes <b>cookies de terceros<\/b>:<\/p>\n<ul>\n<li>\n<p align=\"justify\">Google Analytics: Almacena <i>cookies <\/i>para poder elaborar estad\u00edsticas sobre el tr\u00e1fico y volumen de visitas de esta web. Al utilizar este sitio web est\u00e1 consintiendo el tratamiento de informaci\u00f3n acerca de usted por Google. Por tanto, el ejercicio de cualquier derecho en este sentido deber\u00e1 hacerlo comunicando directamente con Google.<\/p>\n<\/li>\n<li>\n<p align=\"justify\">Redes sociales: Cada red social utiliza sus propias <i>cookies <\/i>para que usted pueda pinchar en botones del tipo <i>Me gusta <\/i>o <i>Compartir<\/i>.<\/p>\n<\/li>\n<\/ul>\n<p align=\"justify\"><b>Desactivaci\u00f3n o eliminaci\u00f3n de cookies<\/b><\/p>\n<p align=\"justify\">En cualquier momento podr\u00e1 ejercer su derecho de desactivaci\u00f3n o eliminaci\u00f3n de cookies de este sitio web. Estas acciones se realizan de forma diferente en funci\u00f3n del navegador que est\u00e9 usando. <span style=\"color: #0000ff;\"><u><a href=\"http:\/\/www.e-observatorio.es\/normativadecookies.aspx#borrarcookie\" target=\"_blank\" rel=\"noopener\">Aqu\u00ed le dejamos una gu\u00eda r\u00e1pida para los navegadores m\u00e1s populares<\/a><\/u><\/span>.<\/p>\n<\/div><div class=\"fusion-title title fusion-title-3 fusion-sep-none fusion-title-text fusion-title-size-three\" style=\"--awb-font-size:25px;\"><h3 class=\"fusion-title-heading title-heading-left\" style=\"font-family:&quot;Playfair Display&quot;;font-style:normal;font-weight:400;margin:0;font-size:1em;\"><strong>Desactivaci\u00f3n o eliminaci\u00f3n de cookies<\/strong><\/h3><\/div><div class=\"fusion-text fusion-text-3\" style=\"--awb-text-transform:none;\"><p align=\"justify\">En cualquier momento podr\u00e1 ejercer su derecho de desactivaci\u00f3n o eliminaci\u00f3n de cookies de este sitio web. Estas acciones se realizan de forma diferente en funci\u00f3n del navegador que est\u00e9 usando. <span style=\"color: #0000ff;\"><u><a href=\"http:\/\/www.e-observatorio.es\/normativadecookies.aspx#borrarcookie\" target=\"_blank\" rel=\"noopener\">Aqu\u00ed le dejamos una gu\u00eda r\u00e1pida para los navegadores m\u00e1s populares<\/a><\/u><\/span>.<\/p>\n<\/div><\/div><\/div><\/div><\/div><div class=\"fusion-fullwidth fullwidth-box fusion-builder-row-2 fusion-flex-container nonhundred-percent-fullwidth non-hundred-percent-height-scrolling\" style=\"--awb-border-radius-top-left:0px;--awb-border-radius-top-right:0px;--awb-border-radius-bottom-right:0px;--awb-border-radius-bottom-left:0px;--awb-flex-wrap:wrap;\" ><div class=\"fusion-builder-row fusion-row fusion-flex-align-items-flex-start fusion-flex-content-wrap\" style=\"max-width:1248px;margin-left: calc(-4% \/ 2 );margin-right: calc(-4% \/ 2 );\"><div class=\"fusion-layout-column fusion_builder_column fusion-builder-column-2 fusion_builder_column_1_1 1_1 fusion-flex-column\" style=\"--awb-bg-size:cover;--awb-width-large:100%;--awb-margin-top-large:0px;--awb-spacing-right-large:1.92%;--awb-margin-bottom-large:20px;--awb-spacing-left-large:1.92%;--awb-width-medium:100%;--awb-order-medium:0;--awb-spacing-right-medium:1.92%;--awb-spacing-left-medium:1.92%;--awb-width-small:100%;--awb-order-small:0;--awb-spacing-right-small:1.92%;--awb-spacing-left-small:1.92%;\"><div class=\"fusion-column-wrapper fusion-column-has-shadow fusion-flex-justify-content-flex-start fusion-content-layout-column\"><script id=\"CookieDeclaration\" src=\"https:\/\/consent.cookiebot.com\/42ed4017-d48b-4f39-9dc9-4a20c612ccc5\/cd.js\" type=\"text\/javascript\" async><\/script><\/div><\/div><\/div><\/div><\/p>\n","protected":false},"excerpt":{"rendered":"","protected":false},"author":2,"featured_media":0,"parent":0,"menu_order":0,"comment_status":"closed","ping_status":"closed","template":"","meta":{"_monsterinsights_skip_tracking":false,"_monsterinsights_sitenote_active":false,"_monsterinsights_sitenote_note":"","_monsterinsights_sitenote_category":0,"footnotes":""},"class_list":["post-12273","page","type-page","status-publish","hentry"],"yoast_head":"<!-- This site is optimized with the Yoast SEO plugin v27.3 - https:\/\/yoast.com\/product\/yoast-seo-wordpress\/ -->\n<title>Cookies Policy - Eiffage Construcci\u00f3n<\/title>\n<meta name=\"robots\" content=\"index, follow, max-snippet:-1, max-image-preview:large, max-video-preview:-1\" \/>\n<link rel=\"canonical\" href=\"https:\/\/eiffageconstruccion.es\/en\/cookies-policy\/\" \/>\n<meta property=\"og:locale\" content=\"en_US\" \/>\n<meta property=\"og:type\" content=\"article\" \/>\n<meta property=\"og:title\" content=\"Cookies Policy - Eiffage Construcci\u00f3n\" \/>\n<meta property=\"og:url\" content=\"https:\/\/eiffageconstruccion.es\/en\/cookies-policy\/\" \/>\n<meta property=\"og:site_name\" content=\"Eiffage Construcci\u00f3n\" \/>\n<meta property=\"article:modified_time\" content=\"2022-03-23T09:46:54+00:00\" \/>\n<meta name=\"twitter:card\" content=\"summary_large_image\" \/>\n<meta name=\"twitter:label1\" content=\"Est. reading time\" \/>\n\t<meta name=\"twitter:data1\" content=\"12 minutes\" \/>\n<script type=\"application\/ld+json\" class=\"yoast-schema-graph\">{\"@context\":\"https:\\\/\\\/schema.org\",\"@graph\":[{\"@type\":\"WebPage\",\"@id\":\"https:\\\/\\\/eiffageconstruccion.es\\\/en\\\/cookies-policy\\\/\",\"url\":\"https:\\\/\\\/eiffageconstruccion.es\\\/en\\\/cookies-policy\\\/\",\"name\":\"Cookies Policy - Eiffage Construcci\u00f3n\",\"isPartOf\":{\"@id\":\"https:\\\/\\\/eiffageconstruccion.es\\\/#website\"},\"datePublished\":\"2021-12-31T09:44:29+00:00\",\"dateModified\":\"2022-03-23T09:46:54+00:00\",\"breadcrumb\":{\"@id\":\"https:\\\/\\\/eiffageconstruccion.es\\\/en\\\/cookies-policy\\\/#breadcrumb\"},\"inLanguage\":\"en-US\",\"potentialAction\":[{\"@type\":\"ReadAction\",\"target\":[\"https:\\\/\\\/eiffageconstruccion.es\\\/en\\\/cookies-policy\\\/\"]}]},{\"@type\":\"BreadcrumbList\",\"@id\":\"https:\\\/\\\/eiffageconstruccion.es\\\/en\\\/cookies-policy\\\/#breadcrumb\",\"itemListElement\":[{\"@type\":\"ListItem\",\"position\":1,\"name\":\"Portada\",\"item\":\"https:\\\/\\\/eiffageconstruccion.es\\\/en\\\/\"},{\"@type\":\"ListItem\",\"position\":2,\"name\":\"Cookies Policy\"}]},{\"@type\":\"WebSite\",\"@id\":\"https:\\\/\\\/eiffageconstruccion.es\\\/#website\",\"url\":\"https:\\\/\\\/eiffageconstruccion.es\\\/\",\"name\":\"Eiffage Construcci\u00f3n\",\"description\":\"Acci\u00f3n de futuro\",\"potentialAction\":[{\"@type\":\"SearchAction\",\"target\":{\"@type\":\"EntryPoint\",\"urlTemplate\":\"https:\\\/\\\/eiffageconstruccion.es\\\/?s={search_term_string}\"},\"query-input\":{\"@type\":\"PropertyValueSpecification\",\"valueRequired\":true,\"valueName\":\"search_term_string\"}}],\"inLanguage\":\"en-US\"}]}<\/script>\n<!-- \/ Yoast SEO plugin. -->","yoast_head_json":{"title":"Cookies Policy - Eiffage Construcci\u00f3n","robots":{"index":"index","follow":"follow","max-snippet":"max-snippet:-1","max-image-preview":"max-image-preview:large","max-video-preview":"max-video-preview:-1"},"canonical":"https:\/\/eiffageconstruccion.es\/en\/cookies-policy\/","og_locale":"en_US","og_type":"article","og_title":"Cookies Policy - Eiffage Construcci\u00f3n","og_url":"https:\/\/eiffageconstruccion.es\/en\/cookies-policy\/","og_site_name":"Eiffage Construcci\u00f3n","article_modified_time":"2022-03-23T09:46:54+00:00","twitter_card":"summary_large_image","twitter_misc":{"Est. reading time":"12 minutes"},"schema":{"@context":"https:\/\/schema.org","@graph":[{"@type":"WebPage","@id":"https:\/\/eiffageconstruccion.es\/en\/cookies-policy\/","url":"https:\/\/eiffageconstruccion.es\/en\/cookies-policy\/","name":"Cookies Policy - Eiffage Construcci\u00f3n","isPartOf":{"@id":"https:\/\/eiffageconstruccion.es\/#website"},"datePublished":"2021-12-31T09:44:29+00:00","dateModified":"2022-03-23T09:46:54+00:00","breadcrumb":{"@id":"https:\/\/eiffageconstruccion.es\/en\/cookies-policy\/#breadcrumb"},"inLanguage":"en-US","potentialAction":[{"@type":"ReadAction","target":["https:\/\/eiffageconstruccion.es\/en\/cookies-policy\/"]}]},{"@type":"BreadcrumbList","@id":"https:\/\/eiffageconstruccion.es\/en\/cookies-policy\/#breadcrumb","itemListElement":[{"@type":"ListItem","position":1,"name":"Portada","item":"https:\/\/eiffageconstruccion.es\/en\/"},{"@type":"ListItem","position":2,"name":"Cookies Policy"}]},{"@type":"WebSite","@id":"https:\/\/eiffageconstruccion.es\/#website","url":"https:\/\/eiffageconstruccion.es\/","name":"Eiffage Construcci\u00f3n","description":"Acci\u00f3n de futuro","potentialAction":[{"@type":"SearchAction","target":{"@type":"EntryPoint","urlTemplate":"https:\/\/eiffageconstruccion.es\/?s={search_term_string}"},"query-input":{"@type":"PropertyValueSpecification","valueRequired":true,"valueName":"search_term_string"}}],"inLanguage":"en-US"}]}},"_links":{"self":[{"href":"https:\/\/eiffageconstruccion.es\/en\/wp-json\/wp\/v2\/pages\/12273","targetHints":{"allow":["GET"]}}],"collection":[{"href":"https:\/\/eiffageconstruccion.es\/en\/wp-json\/wp\/v2\/pages"}],"about":[{"href":"https:\/\/eiffageconstruccion.es\/en\/wp-json\/wp\/v2\/types\/page"}],"author":[{"embeddable":true,"href":"https:\/\/eiffageconstruccion.es\/en\/wp-json\/wp\/v2\/users\/2"}],"replies":[{"embeddable":true,"href":"https:\/\/eiffageconstruccion.es\/en\/wp-json\/wp\/v2\/comments?post=12273"}],"version-history":[{"count":4,"href":"https:\/\/eiffageconstruccion.es\/en\/wp-json\/wp\/v2\/pages\/12273\/revisions"}],"predecessor-version":[{"id":14032,"href":"https:\/\/eiffageconstruccion.es\/en\/wp-json\/wp\/v2\/pages\/12273\/revisions\/14032"}],"wp:attachment":[{"href":"https:\/\/eiffageconstruccion.es\/en\/wp-json\/wp\/v2\/media?parent=12273"}],"curies":[{"name":"wp","href":"https:\/\/api.w.org\/{rel}","templated":true}]}}