{"id":12279,"date":"2021-12-31T10:48:34","date_gmt":"2021-12-31T09:48:34","guid":{"rendered":"https:\/\/eiffageconstruccion.es\/privacy-policy\/"},"modified":"2022-01-26T13:47:41","modified_gmt":"2022-01-26T12:47:41","slug":"privacy-policy","status":"publish","type":"page","link":"https:\/\/eiffageconstruccion.es\/en\/privacy-policy\/","title":{"rendered":"Privacy Policy"},"content":{"rendered":"<div class=\"fusion-fullwidth fullwidth-box fusion-builder-row-1 fusion-flex-container nonhundred-percent-fullwidth non-hundred-percent-height-scrolling\" style=\"--awb-border-radius-top-left:0px;--awb-border-radius-top-right:0px;--awb-border-radius-bottom-right:0px;--awb-border-radius-bottom-left:0px;--awb-padding-right:5%;--awb-padding-bottom:5%;--awb-padding-left:5%;--awb-margin-top:0px;--awb-flex-wrap:wrap;\" ><div class=\"fusion-builder-row fusion-row fusion-flex-align-items-flex-start fusion-flex-content-wrap\" style=\"max-width:1248px;margin-left: calc(-4% \/ 2 );margin-right: calc(-4% \/ 2 );\"><div class=\"fusion-layout-column fusion_builder_column fusion-builder-column-0 fusion_builder_column_1_1 1_1 fusion-flex-column\" style=\"--awb-padding-top:0px;--awb-padding-right:0px;--awb-padding-bottom:60px;--awb-padding-left:0px;--awb-bg-size:cover;--awb-width-large:100%;--awb-margin-top-large:0px;--awb-spacing-right-large:1.92%;--awb-margin-bottom-large:0px;--awb-spacing-left-large:1.92%;--awb-width-medium:100%;--awb-order-medium:0;--awb-spacing-right-medium:1.92%;--awb-spacing-left-medium:1.92%;--awb-width-small:100%;--awb-order-small:0;--awb-spacing-right-small:1.92%;--awb-spacing-left-small:1.92%;\"><div class=\"fusion-column-wrapper fusion-column-has-shadow fusion-flex-justify-content-flex-start fusion-content-layout-column\"><div class=\"fusion-title title fusion-title-1 fusion-sep-none fusion-title-center fusion-title-text fusion-title-size-one\" style=\"--awb-text-color:#333333;--awb-margin-top:20px;--awb-margin-bottom:20px;--awb-font-size:60px;\"><h1 class=\"fusion-title-heading title-heading-center\" style=\"font-family:&quot;Raleway&quot;;font-style:normal;font-weight:800;margin:0;font-size:1em;line-height:1;\">Privacy Policy<\/h1><\/div><\/div><\/div><div class=\"fusion-layout-column fusion_builder_column fusion-builder-column-1 fusion_builder_column_1_1 1_1 fusion-flex-column\" style=\"--awb-bg-size:cover;--awb-width-large:100%;--awb-margin-top-large:0px;--awb-spacing-right-large:1.92%;--awb-margin-bottom-large:0px;--awb-spacing-left-large:1.92%;--awb-width-medium:100%;--awb-spacing-right-medium:1.92%;--awb-spacing-left-medium:1.92%;--awb-width-small:100%;--awb-spacing-right-small:1.92%;--awb-spacing-left-small:1.92%;\"><div class=\"fusion-column-wrapper fusion-flex-justify-content-flex-start fusion-content-layout-column\"><div class=\"fusion-text fusion-text-1\" style=\"--awb-text-transform:none;\"><p><b>Pol\u00edtica de Privacidad: Informaci\u00f3n adicional y detallada sobre protecci\u00f3n de datos personales.<\/b><\/p>\n<\/div><div class=\"fusion-text fusion-text-2\" style=\"--awb-content-alignment:justify;--awb-text-transform:none;\"><p>La presente pol\u00edtica de privacidad (en adelante, la \u201cPol\u00edtica de Privacidad\u201d) tiene como objetivo facilitar informaci\u00f3n adicional y detallada a los interesados sobre la Pol\u00edtica de Privacidad de EIFFAGE INFRAESTRUCTURAS, dando cumplimiento a la normativa en esta materia, en especial al Reglamento (UE) 2016\/679, de 27 de abril de 2016, relativo a la protecci\u00f3n de las personas f\u00edsicas en lo que respecta al tratamiento de datos personales y a la libre circulaci\u00f3n de estos datos y por el que se deroga la Directiva 95\/46\/CE, y a la Ley Org\u00e1nica 3\/2018, de 5 de diciembre, de Protecci\u00f3n de Datos y Garant\u00eda de los Derechos Digitales.<\/p>\n<p>Se pretende con ello ayudar al Usuario a tomar decisiones informadas cuando utiliza el Sitio Web y a comprender de qu\u00e9 modo trataremos la informaci\u00f3n personal facilitada por el mismo a trav\u00e9s de los distintos formularios de recogida de datos que figuran en el Sitio Web. Le invitamos a que la lea con atenci\u00f3n para mantener en todo momento el control sobre sus datos personales.<\/p>\n<p>El Usuario garantiza que los datos remitidos o aportados son verdaderos, exactos, completos y actualizados, siendo responsable de cualquier da\u00f1o o perjuicio, directo o indirecto, que pudiera ocasionarse como consecuencia del incumplimiento de tal obligaci\u00f3n. En el caso de que los datos aportados pertenecieran a un tercero, el Usuario garantiza que ha informado a dicho tercero de los aspectos contenidos en esta Pol\u00edtica de Privacidad y ha obtenido su autorizaci\u00f3n de manera previa para facilitar sus datos a EIFFAGE INFRAESTRUCTURAS para los fines se\u00f1alados.<\/p>\n<\/div><div class=\"fusion-title title fusion-title-2 fusion-sep-none fusion-title-text fusion-title-size-three\" style=\"--awb-font-size:25px;\"><h3 class=\"fusion-title-heading title-heading-left\" style=\"font-family:&quot;Playfair Display&quot;;font-style:normal;font-weight:400;margin:0;font-size:1em;\"><strong>\u00bfQui\u00e9n es el responsable del tratamiento de los datos personales del Usuario?<\/strong><\/h3><\/div><div class=\"fusion-text fusion-text-3\" style=\"--awb-content-alignment:justify;--awb-text-transform:none;\"><p>EIFFAGE INFRAESTRUCTURAS que, a su vez, se compone de las siguientes sociedades:<\/p>\n<ul>\n<li>EIFFAGE INFRAESTRUCTURAS, S.A.U., sociedad constituida al amparo de la legislaci\u00f3n espa\u00f1ola, con N.I.F. A-41441122 e inscrita en el Registro Mercantil de Sevilla, Tomo 4.569, Folio 173, Hoja n\u00ba SE-1.916.<\/li>\n<\/ul>\n<ul>\n<li>EIFFAGE INFRAESTRUCTURAS GESTI\u00d3N Y DESARROLLO, S.L.U., sociedad constituida al amparo de la legislaci\u00f3n espa\u00f1ola, con N.I.F. B-90179201 e inscrita en el Registro Mercantil de Sevilla, Tomo 5.968, Folio 51, Hoja n\u00ba SE-103.863.<\/li>\n<\/ul>\n<ul>\n<li>OBRAS Y SERVICIOS SGASA, S.A.U. sociedad constituida al amparo de la legislaci\u00f3n espa\u00f1ola, con N.I.F. A-78931193 e inscrita en el Registro Mercantil de Segovia, Tomo 52, Folio 209, Hoja n\u00ba SG-1.142.<\/li>\n<\/ul>\n<ul>\n<li>I. MOBILIE EQUIPMENT, S.L.U., sociedad constituida al amparo de la legislaci\u00f3n espa\u00f1ola, con N.I.F. B-05174982 e inscrita en el Registro Mercantil de Sevilla, Tomo 5.783, Folio 184, Hoja n\u00ba SE-99.909.<\/li>\n<\/ul>\n<ul>\n<li>CONTRATAS Y AGLOMERADOS LAS CABEZUELAS, S.L., sociedad constituida al amparo de la legislaci\u00f3n espa\u00f1ola, con N.I.F. B-45665767, e inscrita en el Registro Mercantil de Toledo, Tomo 1.478, Folio 145, Hoja n\u00ba TO-30.856.<\/li>\n<\/ul>\n<ul>\n<li>MASFALT, SA, sociedad constituida al amparo de la legislaci\u00f3n espa\u00f1ola, con N.I.F.A-92064583 e inscrita en el Registro Mercantil de M\u00e1laga, Tomo 2.364, Libro 1.277, Folio 201, Hoja n\u00ba MA-37.312<\/li>\n<\/ul>\n<ul>\n<li>EXTRACCION DE ARIDOS SIERRA NEGRA, S.L.U., sociedad constituida al amparo de la legislaci\u00f3n espa\u00f1ola, con N.I.F. B-03081643, e inscrita en el Registro Mercantil de Alicante, Tomo 1.567, Folio 131, Hoja n\u00ba A-19.785.<\/li>\n<\/ul>\n<ul>\n<li>SERRANO AZNAR OBRAS PUBLICAS, S.L.U., sociedad constituida al amparo de la legislaci\u00f3n espa\u00f1ola, con N.I.F. B-90179201 e inscrita en el Registro Mercantil de Sevilla, Murcia, Tomo 2.723, Folio 68, Hoja n\u00ba MU-72646.<\/li>\n<\/ul>\n<ul>\n<li>AGLOMERADOS LOS SERRANOS, S.A.U., sociedad constituida al amparo de la legislaci\u00f3n espa\u00f1ola, con N.I.F. A-03443801 e inscrita en el Registro Mercantil de Alicante<\/li>\n<\/ul>\n<p>Tomo 1.567, Folio 152, Hoja n\u00ba A-19.797.<\/p>\n<ul>\n<li>AGLOMERADOS ALBACETE, S.A.U., sociedad constituida al amparo de la legislaci\u00f3n espa\u00f1ola, con N.I.F. A-02022879 e inscrita en el Registro Mercantil de Albacete, Tomo 357, folio 55, Hoja n\u00ba AB-2.566.<\/li>\n<\/ul>\n<ul>\n<li>FABER VIAM, S.L., sociedad constituida al amparo de la legislaci\u00f3n espa\u00f1ola, con N.I.F. B-53056156, e inscrita en el Registro Mercantil de Alicante, Tomo 1.843, Folio 156, Hoja n\u00ba A-34.463.<\/li>\n<\/ul>\n<ul>\n<li>BULK LOGISTICS, S.L.U., sociedad constituida al amparo de la legislaci\u00f3n espa\u00f1ola, con N.I.F. B-42600346, e inscrita en el Registro Mercantil de Alicante, Tomo 4161, Folio 124, Hoja n\u00ba A-162189.<\/li>\n<\/ul>\n<ul>\n<li>I. MOBILE COLOMBIA S.A.S., sociedad constituida al amparo de la legislaci\u00f3n colombiana, con N.I.T. 901011965-8 e inscrita en la C\u00e1mara de Comercio de Bogot\u00e1, Matr\u00edcula N\u00ba 02736809.<\/li>\n<\/ul>\n<ul>\n<li>PUENTES Y TORONES, S.A.S., sociedad constituida al amparo de la legislaci\u00f3n colombiana, con N.I.T 800180982-0, e inscrita en la C\u00e1mara de Comercio de Bogot\u00e1, Matr\u00edcula N\u00ba 00525735.<\/li>\n<li>EMPRESA DE PILOTAJE INTERNACIONAL S.A.S., sociedad constituida al amparo de la legislaci\u00f3n colombiana, con N.I.T 900970722-5, e inscrita en la C\u00e1mara de Comercio de Bogot\u00e1, Matr\u00edcula N\u00ba 02680717.<\/li>\n<\/ul>\n<\/div><div class=\"fusion-title title fusion-title-3 fusion-sep-none fusion-title-text fusion-title-size-three\" style=\"--awb-font-size:25px;\"><h3 class=\"fusion-title-heading title-heading-left\" style=\"font-family:&quot;Playfair Display&quot;;font-style:normal;font-weight:400;margin:0;font-size:1em;\"><strong>\u00bfCon qu\u00e9 finalidad tratamos los datos personales del Usuario?<\/strong><\/h3><\/div><div class=\"fusion-text fusion-text-4\" style=\"--awb-content-alignment:justify;--awb-text-transform:none;\"><p>EIFFAGE INFRAESTRUCTURAS recabar\u00e1 el nombre y direcci\u00f3n de correo electr\u00f3nico (e-mail) del Usuario a trav\u00e9s de los distintos formularios disponibles en las secciones de la web con la finalidad de proceder a la resoluci\u00f3n de consultas y\/o al env\u00edo de informaci\u00f3n solicitada.<\/p>\n<\/div><div class=\"fusion-title title fusion-title-4 fusion-sep-none fusion-title-text fusion-title-size-three\" style=\"--awb-font-size:25px;\"><h3 class=\"fusion-title-heading title-heading-left\" style=\"font-family:&quot;Playfair Display&quot;;font-style:normal;font-weight:400;margin:0;font-size:1em;\"><strong>\u00bfCu\u00e1l es la legitimaci\u00f3n para el tratamiento de los datos personales del Usuario?<\/strong><\/h3><\/div><div class=\"fusion-text fusion-text-5\" style=\"--awb-content-alignment:justify;--awb-text-transform:none;\"><p>La base legal que legitima y nos permite tratar los datos personales del Usuario es el consentimiento otorgado al aceptar expl\u00edcitamente la presente Pol\u00edtica de Privacidad, aceptando el \u201ccheck box\u201d, puesto a su disposici\u00f3n en cada uno de los formularios de recogida de datos, referidos anteriormente.<\/p>\n<\/div><div class=\"fusion-title title fusion-title-5 fusion-sep-none fusion-title-text fusion-title-size-three\" style=\"--awb-font-size:25px;\"><h3 class=\"fusion-title-heading title-heading-left\" style=\"font-family:&quot;Playfair Display&quot;;font-style:normal;font-weight:400;margin:0;font-size:1em;\"><strong>\u00bfPor cu\u00e1nto tiempo conservaremos los datos personales del Usuario?<\/strong><\/h3><\/div><div class=\"fusion-text fusion-text-6\" style=\"--awb-content-alignment:justify;--awb-text-transform:none;\"><p>EIFFAGE INFRAESTRUCTURAS conservar\u00e1 activos los datos personales proporcionados durante el tiempo necesario para atender la solicitud realizada por el Usuario.<\/p>\n<\/div><div class=\"fusion-title title fusion-title-6 fusion-sep-none fusion-title-text fusion-title-size-three\" style=\"--awb-font-size:25px;\"><h3 class=\"fusion-title-heading title-heading-left\" style=\"font-family:&quot;Playfair Display&quot;;font-style:normal;font-weight:400;margin:0;font-size:1em;\"><strong>\u00bfA qu\u00e9 destinatarios se comunicar\u00e1n los datos personales del Usuario?<\/strong><\/h3><\/div><div class=\"fusion-text fusion-text-7\" style=\"--awb-content-alignment:justify;--awb-text-transform:none;\"><p>Los datos no ser\u00e1n comunicados a terceros salvo, en su caso, a autoridades competentes en el ejercicio de sus funciones. As\u00ed los datos personales facilitados por el Usuario en el Sitio Web podr\u00e1n ser comunicados organismos p\u00fablicos, tribunales y otras autoridades administrativas, cuando consideremos que es necesario para cumplir con una obligaci\u00f3n legal o para el ejercicio de acciones legales contra reclamaciones.<\/p>\n<\/div><div class=\"fusion-title title fusion-title-7 fusion-sep-none fusion-title-text fusion-title-size-three\" style=\"--awb-font-size:25px;\"><h3 class=\"fusion-title-heading title-heading-left\" style=\"font-family:&quot;Playfair Display&quot;;font-style:normal;font-weight:400;margin:0;font-size:1em;\"><strong>\u00bfCu\u00e1les son los derechos del Usuario cuando nos facilita sus datos personales?<\/strong><\/h3><\/div><div class=\"fusion-text fusion-text-8\" style=\"--awb-content-alignment:justify;--awb-text-transform:none;\"><p>El Usuario dispone y puede ejercitar los siguientes derechos en relaci\u00f3n con la informaci\u00f3n personal suministrada a EIFFAGE INFRAESTRUCTURAS:<\/p>\n<ul>\n<li>Derecho de acceso: el Usuario tiene derecho a obtener confirmaci\u00f3n sobre si EIFFAGE INFRAESTRUCTURAS est\u00e1 tratando datos personales que le conciernen y acceder a tales datos personales.<\/li>\n<li>Derecho de rectificaci\u00f3n: el Usuario puede solicitar la rectificaci\u00f3n de los datos inexactos o a que sean completados los incompletos.<\/li>\n<li>Derecho de supresi\u00f3n: el Usuario tiene derecho a solicitarnos que suprimamos o eliminemos sus datos personales en algunas circunstancias cuando, entre otros motivos, los datos ya no sean necesarios para los fines que fueron recogidos o si retira su consentimiento (en relaci\u00f3n con los tratamientos basados en el mismo).<\/li>\n<li>Derecho a la limitaci\u00f3n del tratamiento: el Usuario puede solicitarnos, en determinadas circunstancias, que limitemos transitoriamente el tratamiento los datos personales facilitados, por ejemplo, cuando impugne la exactitud de dichos datos personales o se oponga al tratamiento en cuyo caso \u00fanicamente los conservaremos para el ejercicio o la defensa de reclamaciones.<\/li>\n<li>Derecho a la portabilidad de los datos: el Usuario tiene derecho, en el caso de tratamientos efectuados por medios automatizados, a obtener datos personales que nos haya proporcionado (en un formato estructurado, de uso com\u00fan y lectura mec\u00e1nica) as\u00ed como a solicitar que se transmitan a otra entidad responsable del tratamiento, cuando ello sea t\u00e9cnicamente posible.<\/li>\n<li>Revocar su consentimiento: el Usuario tendr\u00e1 derecho a revocar su consentimiento en cualquier momento.<\/li>\n<li>Derecho a presentar una reclamaci\u00f3n ante la autoridad de control: el Usuario ante dudas sobre nuestras pr\u00e1cticas en materia de privacidad, incluido el modo en el que hemos tratado sus datos personales, puede ejercitar una reclamaci\u00f3n ante la Agencia Espa\u00f1ola de Protecci\u00f3n de Datos (<span style=\"color: #0000ff;\"><u><a href=\"http:\/\/www.agpd.es\/\">agpd.es<\/a><\/u><\/span>), especialmente cuando no haya obtenido satisfacci\u00f3n en el ejercicio de sus derechos.<\/li>\n<\/ul>\n<p>El Usuario tiene la posibilidad de ejercitar sus derechos legales ante el Responsable del Tratamiento, en cualquier momento, solicit\u00e1ndolo mediante un escrito dirigido a EIFFAGE INFRAESTRUCTURAS a la direcci\u00f3n de correo electr\u00f3nico (e-mail): <a href=\"mailto:lopd.eii.spain@eiffage.com\">lopd.eii.spain@eiffage.com<\/a> (Referencia: <em>\u201cEjercicio derechos RGPD<\/em>\u201d) que deber\u00e1 contener: su nombre y apellidos, fotocopia de su D.N.I.\/N.I.F. (pasaporte u otro documento v\u00e1lido que lo identifique), petici\u00f3n en que se concreta su solicitud, direcci\u00f3n a efectos de notificaciones, fecha, firma y, en su caso, documentos acreditativos de la petici\u00f3n que formula.<\/p>\n<\/div><\/div><\/div><\/div><\/div>\n","protected":false},"excerpt":{"rendered":"","protected":false},"author":11,"featured_media":0,"parent":0,"menu_order":0,"comment_status":"closed","ping_status":"closed","template":"","meta":{"_monsterinsights_skip_tracking":false,"_monsterinsights_sitenote_active":false,"_monsterinsights_sitenote_note":"","_monsterinsights_sitenote_category":0,"footnotes":""},"class_list":["post-12279","page","type-page","status-publish","hentry"],"yoast_head":"<!-- This site is optimized with the Yoast SEO plugin v27.3 - https:\/\/yoast.com\/product\/yoast-seo-wordpress\/ -->\n<title>Privacy Policy - Eiffage Construcci\u00f3n<\/title>\n<meta name=\"robots\" content=\"index, follow, max-snippet:-1, max-image-preview:large, max-video-preview:-1\" \/>\n<link rel=\"canonical\" href=\"https:\/\/eiffageconstruccion.es\/en\/privacy-policy\/\" \/>\n<meta property=\"og:locale\" content=\"en_US\" \/>\n<meta property=\"og:type\" content=\"article\" \/>\n<meta property=\"og:title\" content=\"Privacy Policy - Eiffage Construcci\u00f3n\" \/>\n<meta property=\"og:url\" content=\"https:\/\/eiffageconstruccion.es\/en\/privacy-policy\/\" \/>\n<meta property=\"og:site_name\" content=\"Eiffage Construcci\u00f3n\" \/>\n<meta property=\"article:modified_time\" content=\"2022-01-26T12:47:41+00:00\" \/>\n<meta name=\"twitter:card\" content=\"summary_large_image\" \/>\n<meta name=\"twitter:label1\" content=\"Est. reading time\" \/>\n\t<meta name=\"twitter:data1\" content=\"20 minutes\" \/>\n<script type=\"application\/ld+json\" class=\"yoast-schema-graph\">{\"@context\":\"https:\\\/\\\/schema.org\",\"@graph\":[{\"@type\":\"WebPage\",\"@id\":\"https:\\\/\\\/eiffageconstruccion.es\\\/en\\\/privacy-policy\\\/\",\"url\":\"https:\\\/\\\/eiffageconstruccion.es\\\/en\\\/privacy-policy\\\/\",\"name\":\"Privacy Policy - Eiffage Construcci\u00f3n\",\"isPartOf\":{\"@id\":\"https:\\\/\\\/eiffageconstruccion.es\\\/#website\"},\"datePublished\":\"2021-12-31T09:48:34+00:00\",\"dateModified\":\"2022-01-26T12:47:41+00:00\",\"breadcrumb\":{\"@id\":\"https:\\\/\\\/eiffageconstruccion.es\\\/en\\\/privacy-policy\\\/#breadcrumb\"},\"inLanguage\":\"en-US\",\"potentialAction\":[{\"@type\":\"ReadAction\",\"target\":[\"https:\\\/\\\/eiffageconstruccion.es\\\/en\\\/privacy-policy\\\/\"]}]},{\"@type\":\"BreadcrumbList\",\"@id\":\"https:\\\/\\\/eiffageconstruccion.es\\\/en\\\/privacy-policy\\\/#breadcrumb\",\"itemListElement\":[{\"@type\":\"ListItem\",\"position\":1,\"name\":\"Portada\",\"item\":\"https:\\\/\\\/eiffageconstruccion.es\\\/en\\\/\"},{\"@type\":\"ListItem\",\"position\":2,\"name\":\"Privacy Policy\"}]},{\"@type\":\"WebSite\",\"@id\":\"https:\\\/\\\/eiffageconstruccion.es\\\/#website\",\"url\":\"https:\\\/\\\/eiffageconstruccion.es\\\/\",\"name\":\"Eiffage Construcci\u00f3n\",\"description\":\"Acci\u00f3n de futuro\",\"potentialAction\":[{\"@type\":\"SearchAction\",\"target\":{\"@type\":\"EntryPoint\",\"urlTemplate\":\"https:\\\/\\\/eiffageconstruccion.es\\\/?s={search_term_string}\"},\"query-input\":{\"@type\":\"PropertyValueSpecification\",\"valueRequired\":true,\"valueName\":\"search_term_string\"}}],\"inLanguage\":\"en-US\"}]}<\/script>\n<!-- \/ Yoast SEO plugin. -->","yoast_head_json":{"title":"Privacy Policy - Eiffage Construcci\u00f3n","robots":{"index":"index","follow":"follow","max-snippet":"max-snippet:-1","max-image-preview":"max-image-preview:large","max-video-preview":"max-video-preview:-1"},"canonical":"https:\/\/eiffageconstruccion.es\/en\/privacy-policy\/","og_locale":"en_US","og_type":"article","og_title":"Privacy Policy - Eiffage Construcci\u00f3n","og_url":"https:\/\/eiffageconstruccion.es\/en\/privacy-policy\/","og_site_name":"Eiffage Construcci\u00f3n","article_modified_time":"2022-01-26T12:47:41+00:00","twitter_card":"summary_large_image","twitter_misc":{"Est. reading time":"20 minutes"},"schema":{"@context":"https:\/\/schema.org","@graph":[{"@type":"WebPage","@id":"https:\/\/eiffageconstruccion.es\/en\/privacy-policy\/","url":"https:\/\/eiffageconstruccion.es\/en\/privacy-policy\/","name":"Privacy Policy - Eiffage Construcci\u00f3n","isPartOf":{"@id":"https:\/\/eiffageconstruccion.es\/#website"},"datePublished":"2021-12-31T09:48:34+00:00","dateModified":"2022-01-26T12:47:41+00:00","breadcrumb":{"@id":"https:\/\/eiffageconstruccion.es\/en\/privacy-policy\/#breadcrumb"},"inLanguage":"en-US","potentialAction":[{"@type":"ReadAction","target":["https:\/\/eiffageconstruccion.es\/en\/privacy-policy\/"]}]},{"@type":"BreadcrumbList","@id":"https:\/\/eiffageconstruccion.es\/en\/privacy-policy\/#breadcrumb","itemListElement":[{"@type":"ListItem","position":1,"name":"Portada","item":"https:\/\/eiffageconstruccion.es\/en\/"},{"@type":"ListItem","position":2,"name":"Privacy Policy"}]},{"@type":"WebSite","@id":"https:\/\/eiffageconstruccion.es\/#website","url":"https:\/\/eiffageconstruccion.es\/","name":"Eiffage Construcci\u00f3n","description":"Acci\u00f3n de futuro","potentialAction":[{"@type":"SearchAction","target":{"@type":"EntryPoint","urlTemplate":"https:\/\/eiffageconstruccion.es\/?s={search_term_string}"},"query-input":{"@type":"PropertyValueSpecification","valueRequired":true,"valueName":"search_term_string"}}],"inLanguage":"en-US"}]}},"_links":{"self":[{"href":"https:\/\/eiffageconstruccion.es\/en\/wp-json\/wp\/v2\/pages\/12279","targetHints":{"allow":["GET"]}}],"collection":[{"href":"https:\/\/eiffageconstruccion.es\/en\/wp-json\/wp\/v2\/pages"}],"about":[{"href":"https:\/\/eiffageconstruccion.es\/en\/wp-json\/wp\/v2\/types\/page"}],"author":[{"embeddable":true,"href":"https:\/\/eiffageconstruccion.es\/en\/wp-json\/wp\/v2\/users\/11"}],"replies":[{"embeddable":true,"href":"https:\/\/eiffageconstruccion.es\/en\/wp-json\/wp\/v2\/comments?post=12279"}],"version-history":[{"count":4,"href":"https:\/\/eiffageconstruccion.es\/en\/wp-json\/wp\/v2\/pages\/12279\/revisions"}],"predecessor-version":[{"id":13427,"href":"https:\/\/eiffageconstruccion.es\/en\/wp-json\/wp\/v2\/pages\/12279\/revisions\/13427"}],"wp:attachment":[{"href":"https:\/\/eiffageconstruccion.es\/en\/wp-json\/wp\/v2\/media?parent=12279"}],"curies":[{"name":"wp","href":"https:\/\/api.w.org\/{rel}","templated":true}]}}