{"id":12256,"date":"2021-12-31T09:38:29","date_gmt":"2021-12-31T08:38:29","guid":{"rendered":"https:\/\/eiffageconstruccion.es\/contact\/"},"modified":"2021-12-31T15:09:18","modified_gmt":"2021-12-31T14:09:18","slug":"contact","status":"publish","type":"page","link":"https:\/\/eiffageconstruccion.es\/fr\/contact\/","title":{"rendered":"Contact"},"content":{"rendered":"<div class=\"fusion-fullwidth fullwidth-box fusion-builder-row-1 fusion-flex-container fusion-parallax-none nonhundred-percent-fullwidth non-hundred-percent-height-scrolling fusion-no-small-visibility eiffage_container first_block\" style=\"--awb-border-sizes-top:0;--awb-border-sizes-bottom:0;--awb-border-sizes-left:0;--awb-border-sizes-right:0;--awb-border-radius-top-left:0px;--awb-border-radius-top-right:0px;--awb-border-radius-bottom-right:0px;--awb-border-radius-bottom-left:0px;--awb-padding-top:0px;--awb-padding-right:0px;--awb-padding-bottom:8%;--awb-padding-left:0px;--awb-margin-top:0px;--awb-margin-bottom:0px;--awb-min-height:100vh;--awb-background-image:url(&quot;https:\/\/eiffageconstruccion.es\/wp-content\/uploads\/2021\/08\/Obra-civil-y-Edificacion-Eiffage.jpg&quot;);--awb-background-size:cover;--awb-flex-wrap:wrap;\" ><div class=\"fusion-builder-row fusion-row fusion-flex-align-items-flex-start fusion-flex-align-content-center fusion-flex-justify-content-space-between fusion-flex-content-wrap\" style=\"max-width:calc( 1200px + 0px );margin-left: calc(-0px \/ 2 );margin-right: calc(-0px \/ 2 );\"><div class=\"fusion-layout-column fusion_builder_column fusion-builder-column-0 fusion_builder_column_1_1 1_1 fusion-flex-column fusion-flex-align-self-stretch\" style=\"--awb-padding-top:0px;--awb-padding-right:5%;--awb-padding-bottom:0px;--awb-padding-left:5%;--awb-bg-size:cover;--awb-width-large:100%;--awb-margin-top-large:0px;--awb-spacing-right-large:0px;--awb-margin-bottom-large:0px;--awb-spacing-left-large:0px;--awb-width-medium:100%;--awb-order-medium:0;--awb-spacing-right-medium:0px;--awb-spacing-left-medium:0px;--awb-width-small:100%;--awb-order-small:0;--awb-spacing-right-small:0px;--awb-spacing-left-small:0px;\"><div class=\"fusion-column-wrapper fusion-column-has-shadow fusion-flex-justify-content-center fusion-content-layout-column\"><div class=\"fusion-title title fusion-title-1 fusion-sep-none fusion-title-center fusion-title-text fusion-title-size-one\" style=\"--awb-text-color:#ffffff;--awb-margin-top:20px;--awb-margin-bottom:20px;--awb-font-size:60px;\"><h1 class=\"fusion-title-heading title-heading-center\" style=\"font-family:&quot;Raleway&quot;;font-style:normal;font-weight:800;margin:0;font-size:1em;line-height:1;\"><p style=\"text-align: center;\">Contact<\/p><\/h1><\/div><div class=\"fusion-text fusion-text-1 fusion-animated\" style=\"--awb-content-alignment:center;--awb-text-color:#ffffff;--awb-margin-right:5%;--awb-margin-left:5%;--awb-text-font-family:&quot;Playfair Display&quot;;--awb-text-font-style:normal;--awb-text-font-weight:700;\" data-animationType=\"slideInUp\" data-animationDuration=\"1.3\" data-animationOffset=\"top-into-view\"><p><strong><span style=\"font-size: var(--body_typography-font-size); letter-spacing: var(--body_typography-letter-spacing);\"><i>Contactez-nous<\/i><\/span><\/strong><\/p>\n<\/div><div class=\"fusion-builder-row fusion-builder-row-inner fusion-row fusion-flex-align-items-flex-start fusion-flex-align-content-center fusion-flex-justify-content-space-between fusion-flex-content-wrap\" style=\"width:calc( 100% + 0px ) !important;max-width:calc( 100% + 0px ) !important;margin-left: calc(-0px \/ 2 );margin-right: calc(-0px \/ 2 );\"><div class=\"fusion-layout-column fusion_builder_column_inner fusion-builder-nested-column-0 fusion_builder_column_inner_2_3 2_3 fusion-flex-column fusion-animated contact_form_eiffage\" style=\"--awb-padding-right:5%;--awb-padding-left:5%;--awb-bg-size:cover;--awb-width-large:66.666666666667%;--awb-margin-top-large:0px;--awb-spacing-right-large:5px;--awb-margin-bottom-large:20px;--awb-spacing-left-large:0px;--awb-width-medium:66.666666666667%;--awb-order-medium:0;--awb-spacing-right-medium:5px;--awb-spacing-left-medium:0px;--awb-width-small:100%;--awb-order-small:0;--awb-spacing-right-small:0px;--awb-spacing-left-small:0px;\" data-animationType=\"slideInLeft\" data-animationDuration=\"1.3\" data-animationOffset=\"top-into-view\"><div class=\"fusion-column-wrapper fusion-column-has-shadow fusion-flex-justify-content-flex-start fusion-content-layout-column\">\n<div class=\"wpcf7 no-js\" id=\"wpcf7-f12346-o1\" lang=\"es-ES\" dir=\"ltr\" data-wpcf7-id=\"12346\">\n<div class=\"screen-reader-response\"><p role=\"status\" aria-live=\"polite\" aria-atomic=\"true\"><\/p> <ul><\/ul><\/div>\n<form action=\"\/fr\/wp-json\/wp\/v2\/pages\/12256#wpcf7-f12346-o1\" method=\"post\" class=\"wpcf7-form init\" aria-label=\"Formulario de contacto\" novalidate=\"novalidate\" data-status=\"init\">\n<fieldset class=\"hidden-fields-container\"><input type=\"hidden\" name=\"_wpcf7\" value=\"12346\" \/><input type=\"hidden\" name=\"_wpcf7_version\" value=\"6.1.5\" \/><input type=\"hidden\" name=\"_wpcf7_locale\" value=\"es_ES\" \/><input type=\"hidden\" name=\"_wpcf7_unit_tag\" value=\"wpcf7-f12346-o1\" \/><input type=\"hidden\" name=\"_wpcf7_container_post\" value=\"0\" \/><input type=\"hidden\" name=\"_wpcf7_posted_data_hash\" value=\"\" \/><input type=\"hidden\" name=\"_wpcf7dtx_version\" value=\"5.0.5\" \/>\n<\/fieldset>\n<p><label> Votre nom<br \/>\n<span class=\"wpcf7-form-control-wrap\" data-name=\"your-name\"><input size=\"40\" maxlength=\"400\" class=\"wpcf7-form-control wpcf7-text wpcf7-validates-as-required\" aria-required=\"true\" aria-invalid=\"false\" value=\"\" type=\"text\" name=\"your-name\" \/><\/span> <\/label>\n<\/p>\n<p><label> Votre e-mail<br \/>\n<span class=\"wpcf7-form-control-wrap\" data-name=\"your-email\"><input size=\"40\" maxlength=\"400\" class=\"wpcf7-form-control wpcf7-email wpcf7-validates-as-required wpcf7-text wpcf7-validates-as-email\" aria-required=\"true\" aria-invalid=\"false\" value=\"\" type=\"email\" name=\"your-email\" \/><\/span> <\/label>\n<\/p>\n<p><label> Sujet<br \/>\n<span class=\"wpcf7-form-control-wrap\" data-name=\"your-subject\"><input size=\"40\" maxlength=\"400\" class=\"wpcf7-form-control wpcf7-text wpcf7-validates-as-required\" aria-required=\"true\" aria-invalid=\"false\" value=\"\" type=\"text\" name=\"your-subject\" \/><\/span> <\/label>\n<\/p>\n<p><label> Ton message (optionnel)<br \/>\n<span class=\"wpcf7-form-control-wrap\" data-name=\"your-message\"><textarea cols=\"40\" rows=\"10\" maxlength=\"2000\" class=\"wpcf7-form-control wpcf7-textarea\" aria-invalid=\"false\" name=\"your-message\"><\/textarea><\/span> <\/label>\n<\/p>\n<p><span id=\"wpcf7-69dcaa274ec7d-wrapper\" class=\"wpcf7-form-control-wrap contact-279-wrap\" style=\"display:none !important; visibility:hidden !important;\"><label for=\"contact-279\" class=\"hp-message\">Por favor, deja este campo vac\u00edo.<\/label><input id=\"contact-279\"  class=\"wpcf7-form-control wpcf7-text\" type=\"text\" name=\"contact-279\" value=\"\" size=\"40\" tabindex=\"-1\" autocomplete=\"new-password\" \/><\/span>\n<\/p>\n<p><input class=\"wpcf7-form-control wpcf7-submit has-spinner\" type=\"submit\" value=\"Envoyer\" \/>\n<\/p><div class=\"fusion-alert alert custom alert-custom fusion-alert-center wpcf7-response-output awb-alert-native-link-color alert-dismissable awb-alert-close-boxed\" style=\"--awb-border-size:1px;--awb-border-top-left-radius:0px;--awb-border-top-right-radius:0px;--awb-border-bottom-left-radius:0px;--awb-border-bottom-right-radius:0px;\" role=\"alert\"><div class=\"fusion-alert-content-wrapper\"><span class=\"fusion-alert-content\"><\/span><\/div><button type=\"button\" class=\"close toggle-alert\" data-dismiss=\"alert\" aria-label=\"Close\">&times;<\/button><\/div>\n<\/form>\n<\/div>\n<\/div><\/div><div class=\"fusion-layout-column fusion_builder_column_inner fusion-builder-nested-column-1 fusion_builder_column_inner_1_3 1_3 fusion-flex-column fusion-animated\" style=\"--awb-padding-right:5%;--awb-padding-left:5%;--awb-bg-size:cover;--awb-width-large:33.333333333333%;--awb-margin-top-large:0px;--awb-spacing-right-large:0px;--awb-margin-bottom-large:20px;--awb-spacing-left-large:5px;--awb-width-medium:33.333333333333%;--awb-order-medium:0;--awb-spacing-right-medium:0px;--awb-spacing-left-medium:5px;--awb-width-small:100%;--awb-order-small:0;--awb-spacing-right-small:0px;--awb-spacing-left-small:0px;\" data-animationType=\"slideInRight\" data-animationDuration=\"1.3\" data-animationOffset=\"top-into-view\"><div class=\"fusion-column-wrapper fusion-column-has-shadow fusion-flex-justify-content-flex-start fusion-content-layout-column\"><div class=\"fusion-text fusion-text-2 fusion-text-no-margin\" style=\"--awb-content-alignment:justify;--awb-font-size:10px;--awb-line-height:1.2;--awb-text-transform:none;--awb-text-color:#ffffff;--awb-margin-bottom:5px;\"><p><b>Responsable du traitement:<\/b> Les donn\u00e9es trait\u00e9es dans ce formulaire seront trait\u00e9es par la soci\u00e9t\u00e9 Eiffage Infraestructuras S.A. (Entreprise individuelle) avec CIF A-41441122 et adresse \u00e0 Pol. Industriel Route Island Route E.L. 3 ( Copero Route au coin de Rioviejo Route) en tant que responsable du traitement.<\/p>\n<p><b>Finalit\u00e9:<\/b> Nous souhaitons vous informer que la finalit\u00e9 des donn\u00e9es collect\u00e9es est la gestion des utilisateurs du site Internet.<\/p>\n<p><b>L\u00e9gitimation:<\/b> toutes les finalit\u00e9s indiqu\u00e9es ci-dessus reposent sur le consentement (article 6.1.a RGPD) accord\u00e9 en cochant la case correspondante. Vos donn\u00e9es personnelles seront trait\u00e9es sur la base de notre <a href=\"https:\/\/eiffageconstruccion.es\/es\/politica-privacidad\/\">Politique de Confidentialit\u00e9<\/a><\/p>\n<p><b>Refus de donner votre consentement:<\/b> Le fait que vous ne saisissiez pas les donn\u00e9es marqu\u00e9es comme obligatoires dans le formulaire entra\u00eenera le non-respect de votre demande.<\/p>\n<p><b>Destinataires: <\/b> Vos donn\u00e9es ne seront transf\u00e9r\u00e9es \u00e0 aucune entreprise, sauf obligation l\u00e9gale.<\/p>\n<p><b>Droits: <\/b> Vous pouvez acc\u00e9der, rectifier et supprimer vos donn\u00e9es, la portabilit\u00e9 des donn\u00e9es, la limitation ou l&rsquo;opposition \u00e0 leur traitement, le droit de ne pas \u00eatre soumis \u00e0 des d\u00e9cisions automatis\u00e9es, ainsi que d&rsquo;obtenir des informations claires et transparentes sur le traitement de vos donn\u00e9es, car il est expliqu\u00e9 dans des informations suppl\u00e9mentaires.<\/p>\n<p><b>Droit de recours aupr\u00e8s de l&rsquo;Autorit\u00e9 de Contr\u00f4le (AEPD): <\/b> De Eiffage Infraestructuras S.A. (Sociedad Unipersonal) nous nous effor\u00e7ons de respecter les r\u00e9glementations en mati\u00e8re de protection des donn\u00e9es car il s&rsquo;agit de l&rsquo;atout le plus pr\u00e9cieux pour nous. Cependant, nous vous informons que si vous comprenez que vos droits ont \u00e9t\u00e9 l\u00e9s\u00e9s, vous pouvez nous \u00e9crire \u00e0 l&rsquo;adresse <a href=\"mailto:sistemas.eii.spain@eiffage.com\">e-mail suivante Eiffage Infraestructuras<\/a>, ou bien d\u00e9poser une r\u00e9clamation aupr\u00e8s de l&rsquo;Agence espagnole de protection des donn\u00e9es (AEPD).<\/p>\n<p><b>Informations compl\u00e9mentaires:<\/b> Vous pouvez consulter les informations compl\u00e9mentaires et d\u00e9taill\u00e9es sur la protection des donn\u00e9es sur notre site Internet: <a href=\"https:\/\/eiffageconstruccion.es\/es\/politica-privacidad\/\">Politique de confidentialit\u00e9<\/a><\/p>\n<\/div><\/div><\/div><\/div><\/div><\/div><\/div><\/div>\n","protected":false},"excerpt":{"rendered":"","protected":false},"author":2,"featured_media":0,"parent":0,"menu_order":0,"comment_status":"closed","ping_status":"closed","template":"100-width.php","meta":{"_monsterinsights_skip_tracking":false,"_monsterinsights_sitenote_active":false,"_monsterinsights_sitenote_note":"","_monsterinsights_sitenote_category":0,"footnotes":""},"class_list":["post-12256","page","type-page","status-publish","hentry"],"yoast_head":"<!-- This site is optimized with the Yoast SEO plugin v27.3 - https:\/\/yoast.com\/product\/yoast-seo-wordpress\/ -->\n<title>Contact - Eiffage Construcci\u00f3n<\/title>\n<meta name=\"robots\" content=\"index, follow, max-snippet:-1, max-image-preview:large, max-video-preview:-1\" \/>\n<link rel=\"canonical\" href=\"https:\/\/eiffageconstruccion.es\/fr\/contact\/\" \/>\n<meta property=\"og:locale\" content=\"fr_FR\" \/>\n<meta property=\"og:type\" content=\"article\" \/>\n<meta property=\"og:title\" content=\"Contact - Eiffage Construcci\u00f3n\" \/>\n<meta property=\"og:url\" content=\"https:\/\/eiffageconstruccion.es\/fr\/contact\/\" \/>\n<meta property=\"og:site_name\" content=\"Eiffage Construcci\u00f3n\" \/>\n<meta property=\"article:modified_time\" content=\"2021-12-31T14:09:18+00:00\" \/>\n<meta name=\"twitter:card\" content=\"summary_large_image\" \/>\n<meta name=\"twitter:label1\" content=\"Dur\u00e9e de lecture estim\u00e9e\" \/>\n\t<meta name=\"twitter:data1\" content=\"9 minutes\" \/>\n<script type=\"application\/ld+json\" class=\"yoast-schema-graph\">{\"@context\":\"https:\\\/\\\/schema.org\",\"@graph\":[{\"@type\":\"WebPage\",\"@id\":\"https:\\\/\\\/eiffageconstruccion.es\\\/fr\\\/contact\\\/\",\"url\":\"https:\\\/\\\/eiffageconstruccion.es\\\/fr\\\/contact\\\/\",\"name\":\"Contact - Eiffage Construcci\u00f3n\",\"isPartOf\":{\"@id\":\"https:\\\/\\\/eiffageconstruccion.es\\\/#website\"},\"datePublished\":\"2021-12-31T08:38:29+00:00\",\"dateModified\":\"2021-12-31T14:09:18+00:00\",\"breadcrumb\":{\"@id\":\"https:\\\/\\\/eiffageconstruccion.es\\\/fr\\\/contact\\\/#breadcrumb\"},\"inLanguage\":\"fr-FR\",\"potentialAction\":[{\"@type\":\"ReadAction\",\"target\":[\"https:\\\/\\\/eiffageconstruccion.es\\\/fr\\\/contact\\\/\"]}]},{\"@type\":\"BreadcrumbList\",\"@id\":\"https:\\\/\\\/eiffageconstruccion.es\\\/fr\\\/contact\\\/#breadcrumb\",\"itemListElement\":[{\"@type\":\"ListItem\",\"position\":1,\"name\":\"Portada\",\"item\":\"https:\\\/\\\/eiffageconstruccion.es\\\/fr\\\/\"},{\"@type\":\"ListItem\",\"position\":2,\"name\":\"Contact\"}]},{\"@type\":\"WebSite\",\"@id\":\"https:\\\/\\\/eiffageconstruccion.es\\\/#website\",\"url\":\"https:\\\/\\\/eiffageconstruccion.es\\\/\",\"name\":\"Eiffage Construcci\u00f3n\",\"description\":\"Acci\u00f3n de futuro\",\"potentialAction\":[{\"@type\":\"SearchAction\",\"target\":{\"@type\":\"EntryPoint\",\"urlTemplate\":\"https:\\\/\\\/eiffageconstruccion.es\\\/?s={search_term_string}\"},\"query-input\":{\"@type\":\"PropertyValueSpecification\",\"valueRequired\":true,\"valueName\":\"search_term_string\"}}],\"inLanguage\":\"fr-FR\"}]}<\/script>\n<!-- \/ Yoast SEO plugin. -->","yoast_head_json":{"title":"Contact - Eiffage Construcci\u00f3n","robots":{"index":"index","follow":"follow","max-snippet":"max-snippet:-1","max-image-preview":"max-image-preview:large","max-video-preview":"max-video-preview:-1"},"canonical":"https:\/\/eiffageconstruccion.es\/fr\/contact\/","og_locale":"fr_FR","og_type":"article","og_title":"Contact - Eiffage Construcci\u00f3n","og_url":"https:\/\/eiffageconstruccion.es\/fr\/contact\/","og_site_name":"Eiffage Construcci\u00f3n","article_modified_time":"2021-12-31T14:09:18+00:00","twitter_card":"summary_large_image","twitter_misc":{"Dur\u00e9e de lecture estim\u00e9e":"9 minutes"},"schema":{"@context":"https:\/\/schema.org","@graph":[{"@type":"WebPage","@id":"https:\/\/eiffageconstruccion.es\/fr\/contact\/","url":"https:\/\/eiffageconstruccion.es\/fr\/contact\/","name":"Contact - Eiffage Construcci\u00f3n","isPartOf":{"@id":"https:\/\/eiffageconstruccion.es\/#website"},"datePublished":"2021-12-31T08:38:29+00:00","dateModified":"2021-12-31T14:09:18+00:00","breadcrumb":{"@id":"https:\/\/eiffageconstruccion.es\/fr\/contact\/#breadcrumb"},"inLanguage":"fr-FR","potentialAction":[{"@type":"ReadAction","target":["https:\/\/eiffageconstruccion.es\/fr\/contact\/"]}]},{"@type":"BreadcrumbList","@id":"https:\/\/eiffageconstruccion.es\/fr\/contact\/#breadcrumb","itemListElement":[{"@type":"ListItem","position":1,"name":"Portada","item":"https:\/\/eiffageconstruccion.es\/fr\/"},{"@type":"ListItem","position":2,"name":"Contact"}]},{"@type":"WebSite","@id":"https:\/\/eiffageconstruccion.es\/#website","url":"https:\/\/eiffageconstruccion.es\/","name":"Eiffage Construcci\u00f3n","description":"Acci\u00f3n de futuro","potentialAction":[{"@type":"SearchAction","target":{"@type":"EntryPoint","urlTemplate":"https:\/\/eiffageconstruccion.es\/?s={search_term_string}"},"query-input":{"@type":"PropertyValueSpecification","valueRequired":true,"valueName":"search_term_string"}}],"inLanguage":"fr-FR"}]}},"_links":{"self":[{"href":"https:\/\/eiffageconstruccion.es\/fr\/wp-json\/wp\/v2\/pages\/12256","targetHints":{"allow":["GET"]}}],"collection":[{"href":"https:\/\/eiffageconstruccion.es\/fr\/wp-json\/wp\/v2\/pages"}],"about":[{"href":"https:\/\/eiffageconstruccion.es\/fr\/wp-json\/wp\/v2\/types\/page"}],"author":[{"embeddable":true,"href":"https:\/\/eiffageconstruccion.es\/fr\/wp-json\/wp\/v2\/users\/2"}],"replies":[{"embeddable":true,"href":"https:\/\/eiffageconstruccion.es\/fr\/wp-json\/wp\/v2\/comments?post=12256"}],"version-history":[{"count":5,"href":"https:\/\/eiffageconstruccion.es\/fr\/wp-json\/wp\/v2\/pages\/12256\/revisions"}],"predecessor-version":[{"id":12348,"href":"https:\/\/eiffageconstruccion.es\/fr\/wp-json\/wp\/v2\/pages\/12256\/revisions\/12348"}],"wp:attachment":[{"href":"https:\/\/eiffageconstruccion.es\/fr\/wp-json\/wp\/v2\/media?parent=12256"}],"curies":[{"name":"wp","href":"https:\/\/api.w.org\/{rel}","templated":true}]}}