{"id":13850,"date":"2022-03-18T14:10:47","date_gmt":"2022-03-18T13:10:47","guid":{"rendered":"https:\/\/eiffageconstruccion.es\/ouvrages-residentiels\/"},"modified":"2022-04-05T10:38:30","modified_gmt":"2022-04-05T09:38:30","slug":"ouvrages-residentiels","status":"publish","type":"page","link":"https:\/\/eiffageconstruccion.es\/fr\/ouvrages-residentiels\/","title":{"rendered":"Ouvrages R\u00e9sidentiels"},"content":{"rendered":"<div class=\"fusion-fullwidth fullwidth-box fusion-builder-row-1 fusion-flex-container nonhundred-percent-fullwidth non-hundred-percent-height-scrolling\" style=\"--awb-border-radius-top-left:0px;--awb-border-radius-top-right:0px;--awb-border-radius-bottom-right:0px;--awb-border-radius-bottom-left:0px;--awb-min-height:80vh;--awb-flex-wrap:wrap;\" ><div class=\"fusion-builder-row fusion-row fusion-flex-align-items-flex-start fusion-flex-content-wrap\" style=\"max-width:1248px;margin-left: calc(-4% \/ 2 );margin-right: calc(-4% \/ 2 );\"><div class=\"fusion-layout-column fusion_builder_column fusion-builder-column-0 fusion_builder_column_1_1 1_1 fusion-flex-column\" style=\"--awb-bg-size:cover;--awb-width-large:100%;--awb-margin-top-large:0px;--awb-spacing-right-large:1.92%;--awb-margin-bottom-large:20px;--awb-spacing-left-large:1.92%;--awb-width-medium:100%;--awb-order-medium:0;--awb-spacing-right-medium:1.92%;--awb-spacing-left-medium:1.92%;--awb-width-small:100%;--awb-order-small:0;--awb-spacing-right-small:1.92%;--awb-spacing-left-small:1.92%;\"><div class=\"fusion-column-wrapper fusion-column-has-shadow fusion-flex-justify-content-flex-start fusion-content-layout-column\"><div class=\"fusion-title title fusion-title-1 fusion-no-small-visibility fusion-no-medium-visibility fusion-sep-none fusion-title-center fusion-title-text fusion-title-size-one\" style=\"--awb-text-color:#e61d33;\"><h1 class=\"fusion-title-heading title-heading-center\" style=\"font-family:&quot;Raleway&quot;;font-style:normal;font-weight:700;margin:0;line-height:1;\">Ouvrages R\u00e9sidentiels<\/h1><\/div><div class=\"fusion-title title fusion-title-2 fusion-no-large-visibility fusion-sep-none fusion-title-center fusion-title-text fusion-title-size-one\" style=\"--awb-text-color:#e61d33;--awb-font-size:40px;\"><h1 class=\"fusion-title-heading title-heading-center\" style=\"font-family:&quot;Raleway&quot;;font-style:normal;font-weight:700;margin:0;font-size:1em;line-height:1;\">Ouvrages R\u00e9sidentiels<\/h1><\/div><style type=\"text\/css\">.fusion-portfolio-wrapper#fusion-portfolio-1 .fusion-portfolio-content{  text-align: left; }<\/style><div class=\"fusion-recent-works fusion-portfolio-element fusion-portfolio fusion-portfolio-1 fusion-portfolio-masonry fusion-portfolio-paging-infinite fusion-portfolio-three fusion-portfolio-unboxed fusion-portfolio-text fusion-portfolio-rollover All_portfolio_proyectos fusion-animated\" data-id=\"-rw-1\" data-columns=\"three\" data-animationType=\"slideInUp\" data-animationDuration=\"1.0\" data-animationOffset=\"top-into-view\"><div><ul class=\"fusion-filters\" role=\"menu\" aria-label=\"Portfolio Filters\"><li role=\"presentation\" class=\"fusion-filter fusion-hidden fusion-active\"><a href=\"#\" data-filter=\".ouvrages-residentiels\" role=\"menuitem\">caOuvrages r\u00e9sidentiels<\/a><\/li><\/ul><\/div><style type=\"text\/css\">.fusion-portfolio-1 .fusion-portfolio-wrapper .fusion-col-spacing{padding:15px;}<\/style><div class=\"fusion-portfolio-wrapper\" id=\"fusion-portfolio-1\" data-picturesize=\"auto\" data-pages=\"1\" style=\"margin:-15px;\"><article class=\"fusion-portfolio-post fusion-grid-sizer\"><\/article><article id=\"portfolio-1-post-12085\" class=\"fusion-portfolio-post ouvrages-residentiels edification projets fusion-col-spacing post-12085 fusion-element-grid\"><div class=\"fusion-portfolio-content-wrapper\" style=\"border:none;\"><span class=\"vcard rich-snippet-hidden\"><span class=\"fn\"><a href=\"https:\/\/eiffageconstruccion.es\/fr\/author\/eiffage_user\/\" title=\"Articles par Eiffage User\" rel=\"author\">Eiffage User<\/a><\/span><\/span><span class=\"updated rich-snippet-hidden\">2022-01-04T00:19:36+01:00<\/span><div  class=\"fusion-masonry-element-container fusion-image-wrapper\" style=\"background-image:url(https:\/\/eiffageconstruccion.es\/wp-content\/uploads\/2021\/08\/VIVIENDAS-LA-ALCAIDESA-vista-1-Eiffage-Infraestructuras-scaled-e1630338937877.jpg);padding-top:calc((100% + 30px) * 0.8 - 15px);\" aria-haspopup=\"true\">\n\t\t\t\t<img decoding=\"async\" width=\"1600\" height=\"1067\" src=\"https:\/\/eiffageconstruccion.es\/wp-content\/uploads\/2021\/08\/VIVIENDAS-LA-ALCAIDESA-vista-1-Eiffage-Infraestructuras-scaled-e1630338937877.jpg\" class=\"attachment-full size-full wp-post-image\" alt=\"VIVIENDAS LA ALCAIDESA - Eiffage Infraestructuras\" \/><div class=\"fusion-rollover\">\n\t<div class=\"fusion-rollover-content\">\n\n\t\t\t\t\n\t\t\n\t\t\t\t\t\t\t\t\t\t\t\t<h4 class=\"fusion-rollover-title\">\n\t\t\t\t\t<a class=\"fusion-rollover-title-link\" href=\"https:\/\/eiffageconstruccion.es\/fr\/proyectos\/urbanizacion-la-alcaidesa-san-roque-cadiz-122-viviendas\/?portfolioCats=90\">\n\t\t\t\t\t\tAm\u00e9nagement Urbain La Alcaidesa. San Roque (C\u00e1diz). 122 logements\t\t\t\t\t<\/a>\n\t\t\t\t<\/h4>\n\t\t\t\n\t\t\t\t\t\t\t\t\n\t\t\n\t\t\t\t\t\t<a class=\"fusion-link-wrapper\" href=\"https:\/\/eiffageconstruccion.es\/fr\/proyectos\/urbanizacion-la-alcaidesa-san-roque-cadiz-122-viviendas\/?portfolioCats=90\" aria-label=\"Am\u00e9nagement Urbain La Alcaidesa. San Roque (C\u00e1diz). 122 logements\"><\/a>\n\t<\/div>\n<\/div>\n<\/div>\n<div class=\"fusion-portfolio-content\" style=\"padding:20px 0px;bottom:0px;left:0px;right:0px;background-color:rgba(255,255,255,0);z-index:1;position:absolute;margin:0;\"><h2 class=\"entry-title fusion-post-title\"><a href=\"https:\/\/eiffageconstruccion.es\/fr\/proyectos\/urbanizacion-la-alcaidesa-san-roque-cadiz-122-viviendas\/?portfolioCats=90\">Am\u00e9nagement Urbain La Alcaidesa. San Roque (C\u00e1diz). 122 logements<\/a><\/h2><div class=\"fusion-post-content\"><p>     <\/p><\/div><\/div><\/div><\/article><article id=\"portfolio-1-post-12784\" class=\"fusion-portfolio-post ouvrages-residentiels edification projets fusion-col-spacing post-12784 fusion-element-grid\"><div class=\"fusion-portfolio-content-wrapper\" style=\"border:none;\"><span class=\"vcard rich-snippet-hidden\"><span class=\"fn\"><a href=\"https:\/\/eiffageconstruccion.es\/fr\/author\/eiffage_user\/\" title=\"Articles par Eiffage User\" rel=\"author\">Eiffage User<\/a><\/span><\/span><span class=\"updated rich-snippet-hidden\">2022-01-04T00:23:31+01:00<\/span><div  class=\"fusion-masonry-element-container fusion-image-wrapper\" style=\"background-image:url(https:\/\/eiffageconstruccion.es\/wp-content\/uploads\/2021\/08\/VIVIENDAS-ESTEPONA-vista-1-Eiffage-Infraestructuras.jpg);padding-top:calc((100% + 30px) * 0.8 - 15px);\" aria-haspopup=\"true\">\n\t\t\t\t<img decoding=\"async\" width=\"1620\" height=\"1080\" src=\"https:\/\/eiffageconstruccion.es\/wp-content\/uploads\/2021\/08\/VIVIENDAS-ESTEPONA-vista-1-Eiffage-Infraestructuras.jpg\" class=\"attachment-full size-full wp-post-image\" alt=\"VIVIENDAS ESTEPONA - Eiffage Infraestructuras\" srcset=\"https:\/\/eiffageconstruccion.es\/wp-content\/uploads\/2021\/08\/VIVIENDAS-ESTEPONA-vista-1-Eiffage-Infraestructuras-200x133.jpg 200w, https:\/\/eiffageconstruccion.es\/wp-content\/uploads\/2021\/08\/VIVIENDAS-ESTEPONA-vista-1-Eiffage-Infraestructuras-400x267.jpg 400w, https:\/\/eiffageconstruccion.es\/wp-content\/uploads\/2021\/08\/VIVIENDAS-ESTEPONA-vista-1-Eiffage-Infraestructuras-600x400.jpg 600w, https:\/\/eiffageconstruccion.es\/wp-content\/uploads\/2021\/08\/VIVIENDAS-ESTEPONA-vista-1-Eiffage-Infraestructuras-800x533.jpg 800w, https:\/\/eiffageconstruccion.es\/wp-content\/uploads\/2021\/08\/VIVIENDAS-ESTEPONA-vista-1-Eiffage-Infraestructuras-1200x800.jpg 1200w, https:\/\/eiffageconstruccion.es\/wp-content\/uploads\/2021\/08\/VIVIENDAS-ESTEPONA-vista-1-Eiffage-Infraestructuras.jpg 1620w\" sizes=\"(min-width: 2200px) 100vw, (min-width: 784px) 380px, (min-width: 712px) 570px, (min-width: 640px) 712px, \" \/><div class=\"fusion-rollover\">\n\t<div class=\"fusion-rollover-content\">\n\n\t\t\t\t\n\t\t\n\t\t\t\t\t\t\t\t\t\t\t\t<h4 class=\"fusion-rollover-title\">\n\t\t\t\t\t<a class=\"fusion-rollover-title-link\" href=\"https:\/\/eiffageconstruccion.es\/fr\/proyectos\/estepona-malaga-29-appartements-de-luxe\/?portfolioCats=90\">\n\t\t\t\t\t\tEstepona (M\u00e1laga). 29 appartements de luxe.\t\t\t\t\t<\/a>\n\t\t\t\t<\/h4>\n\t\t\t\n\t\t\t\t\t\t\t\t\n\t\t\n\t\t\t\t\t\t<a class=\"fusion-link-wrapper\" href=\"https:\/\/eiffageconstruccion.es\/fr\/proyectos\/estepona-malaga-29-appartements-de-luxe\/?portfolioCats=90\" aria-label=\"Estepona (M\u00e1laga). 29 appartements de luxe.\"><\/a>\n\t<\/div>\n<\/div>\n<\/div>\n<div class=\"fusion-portfolio-content\" style=\"padding:20px 0px;bottom:0px;left:0px;right:0px;background-color:rgba(255,255,255,0);z-index:1;position:absolute;margin:0;\"><h2 class=\"entry-title fusion-post-title\"><a href=\"https:\/\/eiffageconstruccion.es\/fr\/proyectos\/estepona-malaga-29-appartements-de-luxe\/?portfolioCats=90\">Estepona (M\u00e1laga). 29 appartements de luxe.<\/a><\/h2><div class=\"fusion-post-content\"><p><\/p><\/div><\/div><\/div><\/article><\/div><\/div><script>\njQuery(document).ready(function() {\n\/\/jQuery('.All_portfolio_proyectos.fusion-portfolio ul.fusion-filters li.fusion-filter-all a').html('Todos');\nsetCategoryText();\nfunction setCategoryText(){\n\/\/ ES\njQuery('.All_portfolio_proyectos li.fusion-filter').find('a:contains(\"Obra Civil\")').text('Obra Civil');\njQuery('.All_portfolio_proyectos li.fusion-filter').find('a:contains(\"Obra Singular\")').text('Obra Singular');\njQuery('.All_portfolio_proyectos li.fusion-filter').find('a:contains(\"Obras Residenciales\")').text('Obras Residenciales');\njQuery('.All_portfolio_proyectos li.fusion-filter').find('a:contains(\"Edificaci\u00f3n\")').text('Edificaci\u00f3n');\njQuery('.All_portfolio_proyectos li.fusion-filter').find('a:contains(\"Asfalto y conservaci\u00f3n viaria\")').text('Asfalto y conservaci\u00f3n viaria');\njQuery('.All_portfolio_proyectos li.fusion-filter').find('a:contains(\"Hormig\u00f3n\")').text('Hormig\u00f3n');\njQuery('.All_portfolio_proyectos li.fusion-filter').find('a:contains(\"\u00c1ridos\")').text('\u00c1ridos');\njQuery('.All_portfolio_proyectos').find('.fusion-portfolio-meta a:contains(\"Obra Civil\")').text('Obra Civil');\njQuery('.All_portfolio_proyectos').find('.fusion-portfolio-meta a:contains(\"Obra Singular\")').text('Obra Singular');\njQuery('.All_portfolio_proyectos').find('.fusion-portfolio-meta a:contains(\"Obras Residenciales\")').text('Obras Residenciales');\njQuery('.All_portfolio_proyectos').find('.fusion-portfolio-meta a:contains(\"Edificaci\u00f3n\")').text('Edificaci\u00f3n');\njQuery('.All_portfolio_proyectos').find('.fusion-portfolio-meta a:contains(\"Asfalto y conservaci\u00f3n viaria\")').text('Asfalto y conservaci\u00f3n viaria');\njQuery('.All_portfolio_proyectos').find('.fusion-portfolio-meta a:contains(\"Hormig\u00f3n\")').text('Hormig\u00f3n');\njQuery('.All_portfolio_proyectos').find('.fusion-portfolio-meta a:contains(\"\u00c1ridos\")').text('\u00c1ridos');\n\/\/ EN\njQuery('.All_portfolio_proyectos li.fusion-filter').find('a:contains(\"Civil Works\")').text('Civil Works');\njQuery('.All_portfolio_proyectos li.fusion-filter').find('a:contains(\"Singular works\")').text('Singular Works');\njQuery('.All_portfolio_proyectos li.fusion-filter').find('a:contains(\"Residential works\")').text('Residential Works');\njQuery('.All_portfolio_proyectos li.fusion-filter').find('a:contains(\"Building\")').text('Building');\njQuery('.All_portfolio_proyectos li.fusion-filter').find('a:contains(\"Asphalt and Road Maintenance\")').text('Asphalt and Road Maintenance');\njQuery('.All_portfolio_proyectos li.fusion-filter').find('a:contains(\"Concrete\")').text('Concrete');\njQuery('.All_portfolio_proyectos li.fusionfilter').find('a:contains(\"Aggregates\")').text('Aggregates');\njQuery('.All_portfolio_proyectos').find('.fusion-portfolio-meta a:contains(\"Civil Works\")').text('Civil Works');\njQuery('.All_portfolio_proyectos').find('.fusion-portfolio-meta a:contains(\"Singular works\")').text('Singular Works');\njQuery('.All_portfolio_proyectos').find('.fusion-portfolio-meta a:contains(\"Residential works\")').text('Residential Works');\njQuery('.All_portfolio_proyectos').find('.fusion-portfolio-meta a:contains(\"Building\")').text('Building');\njQuery('.All_portfolio_proyectos').find('.fusion-portfolio-meta a:contains(\"Asphalt and Road Maintenance\")').text('Asphalt and Road Maintenance');\njQuery('.All_portfolio_proyectos').find('.fusion-portfolio-meta a:contains(\"Concrete\")').text('Concrete');\njQuery('.All_portfolio_proyectos').find('.fusion-portfolio-meta a:contains(\"Aggregates\")').text('Aggregates');\n\/\/ FR\njQuery('.All_portfolio_proyectos li.fusion-filter').find('a:contains(\"G\u00e9nie Civil\")').text('G\u00e9nie Civil');\njQuery('.All_portfolio_proyectos li.fusion-filter').find('a:contains(\"Ouvrages singuliers\")').text('Ouvrages Singuliers');\njQuery('.All_portfolio_proyectos li.fusion-filter').find('a:contains(\"Ouvrages r\u00e9sidentiels\")').text('Ouvrages R\u00e9sidentiels');\njQuery('.All_portfolio_proyectos li.fusion-filter').find('a:contains(\"\u00c9dification\")').text('\u00c9dification');\njQuery('.All_portfolio_proyectos li.fusion-filter').find('a:contains(\"Bitume et Entretien routier\")').text('Bitume et Entretien Routier');\njQuery('.All_portfolio_proyectos li.fusion-filter').find('a:contains(\"Granulats\")').text('Granulats');\njQuery('.All_portfolio_proyectos li.fusion-filter').find('a:contains(\"B\u00e9ton\")').text('B\u00e9ton');\njQuery('.All_portfolio_proyectos').find('.fusion-portfolio-meta a:contains(\"G\u00e9nie Civil\")').text('G\u00e9nie Civil');\njQuery('.All_portfolio_proyectos').find('.fusion-portfolio-meta a:contains(\"Ouvrages singuliers\")').text('Ouvrages Singuliers');\njQuery('.All_portfolio_proyectos').find('.fusion-portfolio-meta a:contains(\"Ouvrages r\u00e9sidentiels\")').text('Ouvrages R\u00e9sidentiels');\njQuery('.All_portfolio_proyectos').find('.fusion-portfolio-meta a:contains(\"\u00c9dification\")').text('\u00c9dification');\njQuery('.All_portfolio_proyectos').find('.fusion-portfolio-meta a:contains(\"Bitume et Entretien routier\")').text('Bitume et Entretien Routier');\njQuery('.All_portfolio_proyectos').find('.fusion-portfolio-meta a:contains(\"Granulats\")').text('Granulats');\njQuery('.All_portfolio_proyectos').find('.fusion-portfolio-meta a:contains(\"B\u00e9ton\")').text('B\u00e9ton');\njQuery('.fusion-portfolio-wrapper').css('visibility', 'initial');\njQuery('.fusion-animated').css('visibility', 'initial');\n}\n});\n<\/script><\/div><\/div><\/div><\/div>\n","protected":false},"excerpt":{"rendered":"","protected":false},"author":2,"featured_media":0,"parent":0,"menu_order":0,"comment_status":"closed","ping_status":"closed","template":"","meta":{"_monsterinsights_skip_tracking":false,"_monsterinsights_sitenote_active":false,"_monsterinsights_sitenote_note":"","_monsterinsights_sitenote_category":0,"footnotes":""},"class_list":["post-13850","page","type-page","status-publish","hentry"],"yoast_head":"<!-- This site is optimized with the Yoast SEO plugin v27.3 - https:\/\/yoast.com\/product\/yoast-seo-wordpress\/ -->\n<title>Ouvrages R\u00e9sidentiels - Eiffage Construcci\u00f3n<\/title>\n<meta name=\"robots\" content=\"index, follow, max-snippet:-1, max-image-preview:large, max-video-preview:-1\" \/>\n<link rel=\"canonical\" href=\"https:\/\/eiffageconstruccion.es\/fr\/ouvrages-residentiels\/\" \/>\n<meta property=\"og:locale\" content=\"fr_FR\" \/>\n<meta property=\"og:type\" content=\"article\" \/>\n<meta property=\"og:title\" content=\"Ouvrages R\u00e9sidentiels - Eiffage Construcci\u00f3n\" \/>\n<meta property=\"og:url\" content=\"https:\/\/eiffageconstruccion.es\/fr\/ouvrages-residentiels\/\" \/>\n<meta property=\"og:site_name\" content=\"Eiffage Construcci\u00f3n\" \/>\n<meta property=\"article:modified_time\" content=\"2022-04-05T09:38:30+00:00\" \/>\n<meta name=\"twitter:card\" content=\"summary_large_image\" \/>\n<meta name=\"twitter:label1\" content=\"Dur\u00e9e de lecture estim\u00e9e\" \/>\n\t<meta name=\"twitter:data1\" content=\"10 minutes\" \/>\n<script type=\"application\/ld+json\" class=\"yoast-schema-graph\">{\"@context\":\"https:\\\/\\\/schema.org\",\"@graph\":[{\"@type\":\"WebPage\",\"@id\":\"https:\\\/\\\/eiffageconstruccion.es\\\/fr\\\/ouvrages-residentiels\\\/\",\"url\":\"https:\\\/\\\/eiffageconstruccion.es\\\/fr\\\/ouvrages-residentiels\\\/\",\"name\":\"Ouvrages R\u00e9sidentiels - Eiffage Construcci\u00f3n\",\"isPartOf\":{\"@id\":\"https:\\\/\\\/eiffageconstruccion.es\\\/#website\"},\"datePublished\":\"2022-03-18T13:10:47+00:00\",\"dateModified\":\"2022-04-05T09:38:30+00:00\",\"breadcrumb\":{\"@id\":\"https:\\\/\\\/eiffageconstruccion.es\\\/fr\\\/ouvrages-residentiels\\\/#breadcrumb\"},\"inLanguage\":\"fr-FR\",\"potentialAction\":[{\"@type\":\"ReadAction\",\"target\":[\"https:\\\/\\\/eiffageconstruccion.es\\\/fr\\\/ouvrages-residentiels\\\/\"]}]},{\"@type\":\"BreadcrumbList\",\"@id\":\"https:\\\/\\\/eiffageconstruccion.es\\\/fr\\\/ouvrages-residentiels\\\/#breadcrumb\",\"itemListElement\":[{\"@type\":\"ListItem\",\"position\":1,\"name\":\"Portada\",\"item\":\"https:\\\/\\\/eiffageconstruccion.es\\\/fr\\\/\"},{\"@type\":\"ListItem\",\"position\":2,\"name\":\"Ouvrages R\u00e9sidentiels\"}]},{\"@type\":\"WebSite\",\"@id\":\"https:\\\/\\\/eiffageconstruccion.es\\\/#website\",\"url\":\"https:\\\/\\\/eiffageconstruccion.es\\\/\",\"name\":\"Eiffage Construcci\u00f3n\",\"description\":\"Acci\u00f3n de futuro\",\"potentialAction\":[{\"@type\":\"SearchAction\",\"target\":{\"@type\":\"EntryPoint\",\"urlTemplate\":\"https:\\\/\\\/eiffageconstruccion.es\\\/?s={search_term_string}\"},\"query-input\":{\"@type\":\"PropertyValueSpecification\",\"valueRequired\":true,\"valueName\":\"search_term_string\"}}],\"inLanguage\":\"fr-FR\"}]}<\/script>\n<!-- \/ Yoast SEO plugin. -->","yoast_head_json":{"title":"Ouvrages R\u00e9sidentiels - Eiffage Construcci\u00f3n","robots":{"index":"index","follow":"follow","max-snippet":"max-snippet:-1","max-image-preview":"max-image-preview:large","max-video-preview":"max-video-preview:-1"},"canonical":"https:\/\/eiffageconstruccion.es\/fr\/ouvrages-residentiels\/","og_locale":"fr_FR","og_type":"article","og_title":"Ouvrages R\u00e9sidentiels - Eiffage Construcci\u00f3n","og_url":"https:\/\/eiffageconstruccion.es\/fr\/ouvrages-residentiels\/","og_site_name":"Eiffage Construcci\u00f3n","article_modified_time":"2022-04-05T09:38:30+00:00","twitter_card":"summary_large_image","twitter_misc":{"Dur\u00e9e de lecture estim\u00e9e":"10 minutes"},"schema":{"@context":"https:\/\/schema.org","@graph":[{"@type":"WebPage","@id":"https:\/\/eiffageconstruccion.es\/fr\/ouvrages-residentiels\/","url":"https:\/\/eiffageconstruccion.es\/fr\/ouvrages-residentiels\/","name":"Ouvrages R\u00e9sidentiels - Eiffage Construcci\u00f3n","isPartOf":{"@id":"https:\/\/eiffageconstruccion.es\/#website"},"datePublished":"2022-03-18T13:10:47+00:00","dateModified":"2022-04-05T09:38:30+00:00","breadcrumb":{"@id":"https:\/\/eiffageconstruccion.es\/fr\/ouvrages-residentiels\/#breadcrumb"},"inLanguage":"fr-FR","potentialAction":[{"@type":"ReadAction","target":["https:\/\/eiffageconstruccion.es\/fr\/ouvrages-residentiels\/"]}]},{"@type":"BreadcrumbList","@id":"https:\/\/eiffageconstruccion.es\/fr\/ouvrages-residentiels\/#breadcrumb","itemListElement":[{"@type":"ListItem","position":1,"name":"Portada","item":"https:\/\/eiffageconstruccion.es\/fr\/"},{"@type":"ListItem","position":2,"name":"Ouvrages R\u00e9sidentiels"}]},{"@type":"WebSite","@id":"https:\/\/eiffageconstruccion.es\/#website","url":"https:\/\/eiffageconstruccion.es\/","name":"Eiffage Construcci\u00f3n","description":"Acci\u00f3n de futuro","potentialAction":[{"@type":"SearchAction","target":{"@type":"EntryPoint","urlTemplate":"https:\/\/eiffageconstruccion.es\/?s={search_term_string}"},"query-input":{"@type":"PropertyValueSpecification","valueRequired":true,"valueName":"search_term_string"}}],"inLanguage":"fr-FR"}]}},"_links":{"self":[{"href":"https:\/\/eiffageconstruccion.es\/fr\/wp-json\/wp\/v2\/pages\/13850","targetHints":{"allow":["GET"]}}],"collection":[{"href":"https:\/\/eiffageconstruccion.es\/fr\/wp-json\/wp\/v2\/pages"}],"about":[{"href":"https:\/\/eiffageconstruccion.es\/fr\/wp-json\/wp\/v2\/types\/page"}],"author":[{"embeddable":true,"href":"https:\/\/eiffageconstruccion.es\/fr\/wp-json\/wp\/v2\/users\/2"}],"replies":[{"embeddable":true,"href":"https:\/\/eiffageconstruccion.es\/fr\/wp-json\/wp\/v2\/comments?post=13850"}],"version-history":[{"count":10,"href":"https:\/\/eiffageconstruccion.es\/fr\/wp-json\/wp\/v2\/pages\/13850\/revisions"}],"predecessor-version":[{"id":14181,"href":"https:\/\/eiffageconstruccion.es\/fr\/wp-json\/wp\/v2\/pages\/13850\/revisions\/14181"}],"wp:attachment":[{"href":"https:\/\/eiffageconstruccion.es\/fr\/wp-json\/wp\/v2\/media?parent=13850"}],"curies":[{"name":"wp","href":"https:\/\/api.w.org\/{rel}","templated":true}]}}